{"id":3306,"date":"2024-05-21T08:37:40","date_gmt":"2024-05-21T08:37:40","guid":{"rendered":"https:\/\/sign.server5.de\/portal\/?page_id=3306"},"modified":"2024-06-10T12:13:42","modified_gmt":"2024-06-10T12:13:42","slug":"die-fuessen-card","status":"publish","type":"page","link":"https:\/\/sign.server5.de\/portal\/hotel-san-marco-hopfen-am-see\/die-fuessen-card\/","title":{"rendered":"Die F\u00fcssen Card"},"content":{"rendered":"\t\t<div data-elementor-type=\"wp-page\" data-elementor-id=\"3306\" class=\"elementor elementor-3306\" data-elementor-post-type=\"page\">\n\t\t\t\t\t\t<section class=\"elementor-section elementor-top-section elementor-element elementor-element-effabc8 elementor-section-stretched elementor-section-full_width elementor-hidden-mobile elementor-hidden-tablet elementor-section-height-default elementor-section-height-default\" data-id=\"effabc8\" data-element_type=\"section\" data-e-type=\"section\" data-settings=\"{&quot;stretch_section&quot;:&quot;section-stretched&quot;,&quot;background_background&quot;:&quot;classic&quot;}\">\n\t\t\t\t\t\t\t<div class=\"elementor-background-overlay\"><\/div>\n\t\t\t\t\t\t\t<div class=\"elementor-container elementor-column-gap-default\">\n\t\t\t\t\t<div class=\"elementor-column elementor-col-100 elementor-top-column elementor-element elementor-element-1a4067f\" data-id=\"1a4067f\" data-element_type=\"column\" data-e-type=\"column\">\n\t\t\t<div class=\"elementor-widget-wrap elementor-element-populated\">\n\t\t\t\t\t\t<section class=\"elementor-section elementor-inner-section elementor-element elementor-element-ab7a570 elementor-section-boxed elementor-section-height-default elementor-section-height-default\" data-id=\"ab7a570\" data-element_type=\"section\" data-e-type=\"section\">\n\t\t\t\t\t\t<div class=\"elementor-container elementor-column-gap-default\">\n\t\t\t\t\t<div class=\"elementor-column elementor-col-100 elementor-inner-column elementor-element elementor-element-81aaafa\" data-id=\"81aaafa\" data-element_type=\"column\" data-e-type=\"column\">\n\t\t\t<div class=\"elementor-widget-wrap elementor-element-populated\">\n\t\t\t\t\t\t<div class=\"elementor-element elementor-element-29e5280 elementor-widget elementor-widget-heading\" data-id=\"29e5280\" data-element_type=\"widget\" data-e-type=\"widget\" data-widget_type=\"heading.default\">\n\t\t\t\t<div class=\"elementor-widget-container\">\n\t\t\t\t\t<h2 class=\"elementor-heading-title elementor-size-default\">Bitte verwenden Sie Ihr Handy oder Tablet<\/h2>\t\t\t\t<\/div>\n\t\t\t\t<\/div>\n\t\t\t\t<div class=\"elementor-element elementor-element-3c07312 elementor-widget elementor-widget-text-editor\" data-id=\"3c07312\" data-element_type=\"widget\" data-e-type=\"widget\" data-widget_type=\"text-editor.default\">\n\t\t\t\t<div class=\"elementor-widget-container\">\n\t\t\t\t\t\t\t\t\t<p class=\"_04xlpA direction-ltr align-center para-style-title\"><span class=\"JsGRdQ\">Leider ist diese Seite f\u00fcr <\/span><span class=\"JsGRdQ\">Dektop-Benutzer nicht verf\u00fcgbar<\/span><\/p>\t\t\t\t\t\t\t\t<\/div>\n\t\t\t\t<\/div>\n\t\t\t\t\t<\/div>\n\t\t<\/div>\n\t\t\t\t\t<\/div>\n\t\t<\/section>\n\t\t\t\t\t<\/div>\n\t\t<\/div>\n\t\t\t\t\t<\/div>\n\t\t<\/section>\n\t\t\t\t<section class=\"elementor-section elementor-top-section elementor-element elementor-element-af2c4fe elementor-hidden-desktop elementor-section-boxed elementor-section-height-default elementor-section-height-default\" data-id=\"af2c4fe\" data-element_type=\"section\" data-e-type=\"section\">\n\t\t\t\t\t\t<div class=\"elementor-container elementor-column-gap-default\">\n\t\t\t\t\t<div class=\"elementor-column elementor-col-100 elementor-top-column elementor-element elementor-element-2ee7a9a\" data-id=\"2ee7a9a\" data-element_type=\"column\" data-e-type=\"column\">\n\t\t\t<div class=\"elementor-widget-wrap elementor-element-populated\">\n\t\t\t\t\t\t<div class=\"elementor-element elementor-element-0b17cf1 elementor-widget elementor-widget-image\" data-id=\"0b17cf1\" data-element_type=\"widget\" data-e-type=\"widget\" data-widget_type=\"image.default\">\n\t\t\t\t<div class=\"elementor-widget-container\">\n\t\t\t\t\t\t\t\t\t\t\t\t\t\t\t<img fetchpriority=\"high\" decoding=\"async\" width=\"768\" height=\"302\" src=\"https:\/\/sign.server5.de\/portal\/wp-content\/uploads\/2024\/06\/Fuessen-Zentrum-1.jpg\" class=\"attachment-large size-large wp-image-3950\" alt=\"\" srcset=\"https:\/\/sign.server5.de\/portal\/wp-content\/uploads\/2024\/06\/Fuessen-Zentrum-1.jpg 768w, https:\/\/sign.server5.de\/portal\/wp-content\/uploads\/2024\/06\/Fuessen-Zentrum-1-300x118.jpg 300w\" sizes=\"(max-width: 768px) 100vw, 768px\" \/>\t\t\t\t\t\t\t\t\t\t\t\t\t\t\t<\/div>\n\t\t\t\t<\/div>\n\t\t\t\t\t<\/div>\n\t\t<\/div>\n\t\t\t\t\t<\/div>\n\t\t<\/section>\n\t\t\t\t<section class=\"elementor-section elementor-top-section elementor-element elementor-element-2d05fcb elementor-hidden-desktop elementor-section-boxed elementor-section-height-default elementor-section-height-default\" data-id=\"2d05fcb\" data-element_type=\"section\" data-e-type=\"section\">\n\t\t\t\t\t\t<div class=\"elementor-container elementor-column-gap-default\">\n\t\t\t\t\t<div class=\"elementor-column elementor-col-100 elementor-top-column elementor-element elementor-element-8b41ed8\" data-id=\"8b41ed8\" data-element_type=\"column\" data-e-type=\"column\">\n\t\t\t<div class=\"elementor-widget-wrap elementor-element-populated\">\n\t\t\t\t\t\t<div class=\"elementor-element elementor-element-af27121 elementor-widget elementor-widget-heading\" data-id=\"af27121\" data-element_type=\"widget\" data-e-type=\"widget\" data-widget_type=\"heading.default\">\n\t\t\t\t<div class=\"elementor-widget-container\">\n\t\t\t\t\t<h1 class=\"elementor-heading-title elementor-size-default\">Die F\u00fcssen Card \u2013 Ihre G\u00e4stekarte<\/h1>\t\t\t\t<\/div>\n\t\t\t\t<\/div>\n\t\t\t\t\t<\/div>\n\t\t<\/div>\n\t\t\t\t\t<\/div>\n\t\t<\/section>\n\t\t\t\t<section class=\"elementor-section elementor-top-section elementor-element elementor-element-0aec97d elementor-hidden-desktop elementor-section-boxed elementor-section-height-default elementor-section-height-default\" data-id=\"0aec97d\" data-element_type=\"section\" data-e-type=\"section\">\n\t\t\t\t\t\t<div class=\"elementor-container elementor-column-gap-default\">\n\t\t\t\t\t<div class=\"elementor-column elementor-col-50 elementor-top-column elementor-element elementor-element-0156ec8\" data-id=\"0156ec8\" data-element_type=\"column\" data-e-type=\"column\">\n\t\t\t<div class=\"elementor-widget-wrap elementor-element-populated\">\n\t\t\t\t\t\t<div class=\"elementor-element elementor-element-81fdaf1 elementor-widget-tablet__width-initial elementor-widget elementor-widget-text-editor\" data-id=\"81fdaf1\" data-element_type=\"widget\" data-e-type=\"widget\" data-widget_type=\"text-editor.default\">\n\t\t\t\t<div class=\"elementor-widget-container\">\n\t\t\t\t\t\t\t\t\t<p>Bei Ihrer Ankunft, erhalten Sie die \u201cF\u00fcssen Card\u201d, ausgestellt von F\u00fcssen Tourismus und Marketing f\u00fcr jede mitreisende Person.<\/p><p>Die F\u00fcssen Card bietet G\u00e4sten zahlreiche kostenfreie oder verg\u00fcnstigte Angebote. Zu den wichtigsten Vorteilen z\u00e4hlen:<\/p><ul><li>Kostenfreie Nutzung: Regionale \u00d6PNV-Busse und Bahnstrecken.<\/li><li>Erm\u00e4\u00dfigungen: Gef\u00fchrte Wanderungen, Museumsbesuche, Eintritt in Bergbahnen, Schifffahrten und mehr.<\/li><li>Veranstaltungen: Viele Veranstaltungen im G\u00e4steprogramm sind kostenfrei oder erm\u00e4\u00dfigt.<\/li><li>Musical-Rabatte: 20% Erm\u00e4\u00dfigung auf Musical-Tickets an der Abendkasse.<\/li><\/ul><p>Weitere Informationen finden Sie auf der <a href=\"https:\/\/www.fuessen.de\/service\/gaesteservice\/fuessencard.html?Card=&amp;cHash=60504daabaecd840fb7da73bc44e688a\">offiziellen Website<\/a>.<\/p>\t\t\t\t\t\t\t\t<\/div>\n\t\t\t\t<\/div>\n\t\t\t\t\t<\/div>\n\t\t<\/div>\n\t\t\t\t<div class=\"elementor-column elementor-col-50 elementor-top-column elementor-element elementor-element-f0b4fce\" data-id=\"f0b4fce\" data-element_type=\"column\" data-e-type=\"column\">\n\t\t\t<div class=\"elementor-widget-wrap elementor-element-populated\">\n\t\t\t\t\t\t<div class=\"elementor-element elementor-element-c66b016 elementor-widget elementor-widget-image\" data-id=\"c66b016\" data-element_type=\"widget\" data-e-type=\"widget\" data-widget_type=\"image.default\">\n\t\t\t\t<div class=\"elementor-widget-container\">\n\t\t\t\t\t\t\t\t\t\t\t\t\t\t\t<img decoding=\"async\" width=\"768\" height=\"768\" src=\"https:\/\/sign.server5.de\/portal\/wp-content\/uploads\/2024\/06\/The-Fuessen-Card-1.png\" class=\"attachment-full size-full wp-image-3946\" alt=\"\" srcset=\"https:\/\/sign.server5.de\/portal\/wp-content\/uploads\/2024\/06\/The-Fuessen-Card-1.png 768w, https:\/\/sign.server5.de\/portal\/wp-content\/uploads\/2024\/06\/The-Fuessen-Card-1-300x300.png 300w, https:\/\/sign.server5.de\/portal\/wp-content\/uploads\/2024\/06\/The-Fuessen-Card-1-150x150.png 150w\" sizes=\"(max-width: 768px) 100vw, 768px\" \/>\t\t\t\t\t\t\t\t\t\t\t\t\t\t\t<\/div>\n\t\t\t\t<\/div>\n\t\t\t\t\t<\/div>\n\t\t<\/div>\n\t\t\t\t\t<\/div>\n\t\t<\/section>\n\t\t\t\t<section class=\"elementor-section elementor-top-section elementor-element elementor-element-31360c7 elementor-hidden-desktop elementor-section-boxed elementor-section-height-default elementor-section-height-default\" data-id=\"31360c7\" data-element_type=\"section\" data-e-type=\"section\">\n\t\t\t\t\t\t<div class=\"elementor-container elementor-column-gap-default\">\n\t\t\t\t\t<div class=\"elementor-column elementor-col-100 elementor-top-column elementor-element elementor-element-d737c05\" data-id=\"d737c05\" data-element_type=\"column\" data-e-type=\"column\">\n\t\t\t<div class=\"elementor-widget-wrap elementor-element-populated\">\n\t\t\t\t\t\t<div class=\"elementor-element elementor-element-cfd5b85 elementor-widget elementor-widget-text-editor\" data-id=\"cfd5b85\" data-element_type=\"widget\" data-e-type=\"widget\" data-widget_type=\"text-editor.default\">\n\t\t\t\t<div class=\"elementor-widget-container\">\n\t\t\t\t\t\t\t\t\t<p class=\"bodytext\">Die F\u00fcssen Card ist eine echte Vorteilskarte: Sie k\u00f6nnen damit viele Angebote in der Region kostenfrei oder verg\u00fcnstigt nutzen. So k\u00f6nnen Sie zum Beispiel die\u00a0<a title=\"\u00d6PNV\" href=\"https:\/\/www.fuessen.de\/service\/gaesteservice\/anreise-und-parken\/oeffentlicher-nahverkehr.html\">regionalen \u00d6PNV-Busse<\/a>\u00a0sowie die Bahnstrecken F\u00fcssen \u2013 Kaufbeuren und Reutte \u2013 Kempten gratis nutzen.<\/p><p class=\"bodytext\">Weitere Verg\u00fcnstigungen:<\/p><ul class=\"rte_list\"><li>G\u00e4steprogramm<\/li><li>Bergbahnen<\/li><li>Museen und B\u00e4dern<\/li><li>und vieles mehr<\/li><\/ul><div>\u00a0<\/div><p class=\"bodytext\"><b>Unser Tipp:<\/b>\u00a0Mit der F\u00fcssen Card erhalten Sie 20% Erm\u00e4\u00dfigung beim Kauf eines Musical Tickets an der Abendkasse oder an der Vorverkaufsstelle in der Reichenstra\u00dfe in F\u00fcssen. Die Erm\u00e4\u00dfigung gilt f\u00fcr die Musicals:\u00a0<i><a href=\"https:\/\/das-festspielhaus.de\/programm\/ludwig2\/\" target=\"_blank\" rel=\"noopener\">Ludwig\u00b2 &#8211; Das Musical<\/a><\/i><a href=\"https:\/\/das-festspielhaus.de\/programm\/ludwig2\/\" target=\"_blank\" rel=\"noopener\">,<\/a>\u00a0<a href=\"https:\/\/das-festspielhaus.de\/programm\/zeppelin-das-musical\/\" target=\"_blank\" rel=\"noopener\"><i>Zeppelin &#8211; Das Musical<\/i><\/a>,\u00a0<i><a href=\"https:\/\/das-festspielhaus.de\/programm\/ein-bisschen-frieden-summer-of-love\/\" target=\"_blank\" rel=\"noopener\">Ein bisschen Frieden &#8211; Summer of love<\/a><\/i>,\u00a0<a href=\"https:\/\/das-festspielhaus.de\/programm\/die-schoene-und-das-biest\/\" target=\"_blank\" rel=\"noopener\"><i>Die Sch\u00f6ne und das Biest<\/i><\/a>,\u00a0<a href=\"https:\/\/das-festspielhaus.de\/programm\/hundertwasser\/\" target=\"_blank\" rel=\"noopener\"><i>Hundertwasser &#8211; Das Muscial<\/i><\/a>,\u00a0<i><a href=\"https:\/\/das-festspielhaus.de\/programm\/brandner-kaspar-das-musical\/\" target=\"_blank\" rel=\"noopener\">Brandner Kaspar &#8211; Das Musical<\/a><\/i>\u00a0sowie\u00a0<a href=\"https:\/\/das-festspielhaus.de\/programm\/die-paepstin\/\" target=\"_blank\" rel=\"noopener\"><i>Die P\u00e4pstin<\/i><\/a>.<\/p>\t\t\t\t\t\t\t\t<\/div>\n\t\t\t\t<\/div>\n\t\t\t\t<div class=\"elementor-element elementor-element-11d6401 elementor-tablet-align-start elementor-icon-list--layout-traditional elementor-list-item-link-full_width elementor-widget elementor-widget-icon-list\" data-id=\"11d6401\" data-element_type=\"widget\" data-e-type=\"widget\" data-widget_type=\"icon-list.default\">\n\t\t\t\t<div class=\"elementor-widget-container\">\n\t\t\t\t\t\t\t<ul class=\"elementor-icon-list-items\">\n\t\t\t\t\t\t\t<li class=\"elementor-icon-list-item\">\n\t\t\t\t\t\t\t\t\t\t\t<a href=\"https:\/\/www.fuessen.de\/service\/gaesteservice\/fuessencard.html\" target=\"_blank\">\n\n\t\t\t\t\t\t\t\t\t\t\t\t<span class=\"elementor-icon-list-icon\">\n\t\t\t\t\t\t\t<svg xmlns=\"http:\/\/www.w3.org\/2000\/svg\" xmlns:xlink=\"http:\/\/www.w3.org\/1999\/xlink\" viewBox=\"0 0 100 100\" width=\"100px\" height=\"100px\"><g id=\"surface146098\"><path style=\" stroke:none;fill-rule:nonzero;fill:rgb(46.27451%,11.372549%,11.372549%);fill-opacity:1;\" d=\"M 66.8125 0 C 65.710938 0.101562 64.898438 1.085938 65 2.1875 C 65.101562 3.289062 66.085938 4.101562 67.1875 4 L 93.125 4 L 51.375 45.8125 C 50.78125 46.296875 50.507812 47.070312 50.679688 47.820312 C 50.851562 48.5625 51.4375 49.148438 52.179688 49.320312 C 52.929688 49.492188 53.703125 49.21875 54.1875 48.625 L 96 6.875 L 96 32.8125 C 95.992188 33.53125 96.367188 34.203125 96.992188 34.570312 C 97.617188 34.929688 98.382812 34.929688 99.007812 34.570312 C 99.632812 34.203125 100.007812 33.53125 100 32.8125 L 100 0 L 67.1875 0 C 67.125 0 67.0625 0 67 0 C 66.9375 0 66.875 0 66.8125 0 Z M 4 20 C 2.953125 20 1.882812 20.367188 1.125 21.125 C 0.367188 21.882812 0 22.953125 0 24 L 0 96 C 0 97.046875 0.367188 98.117188 1.125 98.875 C 1.882812 99.632812 2.953125 100 4 100 L 76 100 C 77.046875 100 78.117188 99.632812 78.875 98.875 C 79.632812 98.117188 80 97.046875 80 96 L 80 36 C 80.007812 35.28125 79.632812 34.609375 79.007812 34.242188 C 78.382812 33.882812 77.617188 33.882812 76.992188 34.242188 C 76.367188 34.609375 75.992188 35.28125 76 36 L 76 96 L 4 96 L 4 24 L 64 24 C 64.71875 24.007812 65.390625 23.632812 65.757812 23.007812 C 66.117188 22.382812 66.117188 21.617188 65.757812 20.992188 C 65.390625 20.367188 64.71875 19.992188 64 20 Z M 4 20 \"><\/path><\/g><\/svg>\t\t\t\t\t\t<\/span>\n\t\t\t\t\t\t\t\t\t\t<span class=\"elementor-icon-list-text\">Mehr lesen<\/span>\n\t\t\t\t\t\t\t\t\t\t\t<\/a>\n\t\t\t\t\t\t\t\t\t<\/li>\n\t\t\t\t\t\t<\/ul>\n\t\t\t\t\t\t<\/div>\n\t\t\t\t<\/div>\n\t\t\t\t\t<\/div>\n\t\t<\/div>\n\t\t\t\t\t<\/div>\n\t\t<\/section>\n\t\t\t\t<section class=\"elementor-section elementor-top-section elementor-element elementor-element-f479d73 elementor-section-boxed elementor-section-height-default elementor-section-height-default\" data-id=\"f479d73\" data-element_type=\"section\" data-e-type=\"section\">\n\t\t\t\t\t\t<div class=\"elementor-container elementor-column-gap-default\">\n\t\t\t\t\t<div class=\"elementor-column elementor-col-100 elementor-top-column elementor-element elementor-element-a693aa5\" data-id=\"a693aa5\" data-element_type=\"column\" data-e-type=\"column\">\n\t\t\t<div class=\"elementor-widget-wrap elementor-element-populated\">\n\t\t\t\t\t\t<div class=\"elementor-element elementor-element-f30a354 elementor-widget elementor-widget-spacer\" data-id=\"f30a354\" data-element_type=\"widget\" data-e-type=\"widget\" data-widget_type=\"spacer.default\">\n\t\t\t\t<div class=\"elementor-widget-container\">\n\t\t\t\t\t\t\t<div class=\"elementor-spacer\">\n\t\t\t<div class=\"elementor-spacer-inner\"><\/div>\n\t\t<\/div>\n\t\t\t\t\t\t<\/div>\n\t\t\t\t<\/div>\n\t\t\t\t\t<\/div>\n\t\t<\/div>\n\t\t\t\t\t<\/div>\n\t\t<\/section>\n\t\t\t\t<section class=\"elementor-section elementor-top-section elementor-element elementor-element-a38c0b9 elementor-section-stretched elementor-hidden-desktop elementor-section-boxed elementor-section-height-default elementor-section-height-default\" data-id=\"a38c0b9\" data-element_type=\"section\" data-e-type=\"section\" data-settings=\"{&quot;stretch_section&quot;:&quot;section-stretched&quot;,&quot;background_background&quot;:&quot;classic&quot;}\">\n\t\t\t\t\t\t<div class=\"elementor-container elementor-column-gap-default\">\n\t\t\t\t\t<div class=\"elementor-column elementor-col-33 elementor-top-column elementor-element elementor-element-c47b706\" data-id=\"c47b706\" data-element_type=\"column\" data-e-type=\"column\">\n\t\t\t<div class=\"elementor-widget-wrap elementor-element-populated\">\n\t\t\t\t\t\t<div class=\"elementor-element elementor-element-6940e61 elementor-view-default elementor-position-block-start elementor-mobile-position-block-start elementor-widget elementor-widget-icon-box\" data-id=\"6940e61\" data-element_type=\"widget\" data-e-type=\"widget\" data-widget_type=\"icon-box.default\">\n\t\t\t\t<div class=\"elementor-widget-container\">\n\t\t\t\t\t\t\t<div class=\"elementor-icon-box-wrapper\">\n\n\t\t\t\t\t\t<div class=\"elementor-icon-box-icon\">\n\t\t\t\t<a href=\"https:\/\/sign.server5.de\/portal\/index.php\/hotel-san-marco-hopfen-am-see\/\" class=\"elementor-icon\" tabindex=\"-1\" aria-label=\"Home\">\n\t\t\t\t<i aria-hidden=\"true\" class=\"fas fa-home\"><\/i>\t\t\t\t<\/a>\n\t\t\t<\/div>\n\t\t\t\n\t\t\t\t\t\t<div class=\"elementor-icon-box-content\">\n\n\t\t\t\t\t\t\t\t\t<h3 class=\"elementor-icon-box-title\">\n\t\t\t\t\t\t<a href=\"https:\/\/sign.server5.de\/portal\/index.php\/hotel-san-marco-hopfen-am-see\/\" >\n\t\t\t\t\t\t\tHome\t\t\t\t\t\t<\/a>\n\t\t\t\t\t<\/h3>\n\t\t\t\t\n\t\t\t\t\n\t\t\t<\/div>\n\t\t\t\n\t\t<\/div>\n\t\t\t\t\t\t<\/div>\n\t\t\t\t<\/div>\n\t\t\t\t\t<\/div>\n\t\t<\/div>\n\t\t\t\t<div class=\"elementor-column elementor-col-33 elementor-top-column elementor-element elementor-element-49336bc\" data-id=\"49336bc\" data-element_type=\"column\" data-e-type=\"column\">\n\t\t\t<div class=\"elementor-widget-wrap elementor-element-populated\">\n\t\t\t\t\t\t<div class=\"elementor-element elementor-element-332f0a2 elementor-view-default elementor-position-block-start elementor-mobile-position-block-start elementor-widget elementor-widget-icon-box\" data-id=\"332f0a2\" data-element_type=\"widget\" data-e-type=\"widget\" data-widget_type=\"icon-box.default\">\n\t\t\t\t<div class=\"elementor-widget-container\">\n\t\t\t\t\t\t\t<div class=\"elementor-icon-box-wrapper\">\n\n\t\t\t\t\t\t<div class=\"elementor-icon-box-icon\">\n\t\t\t\t<a href=\"https:\/\/sign.server5.de\/portal\/hotel-san-marco-hopfen-am-see\/wetter\/\" class=\"elementor-icon\" tabindex=\"-1\" aria-label=\"Wetter\">\n\t\t\t\t<i aria-hidden=\"true\" class=\"fas fa-temperature-low\"><\/i>\t\t\t\t<\/a>\n\t\t\t<\/div>\n\t\t\t\n\t\t\t\t\t\t<div class=\"elementor-icon-box-content\">\n\n\t\t\t\t\t\t\t\t\t<h3 class=\"elementor-icon-box-title\">\n\t\t\t\t\t\t<a href=\"https:\/\/sign.server5.de\/portal\/hotel-san-marco-hopfen-am-see\/wetter\/\" >\n\t\t\t\t\t\t\tWetter\t\t\t\t\t\t<\/a>\n\t\t\t\t\t<\/h3>\n\t\t\t\t\n\t\t\t\t\n\t\t\t<\/div>\n\t\t\t\n\t\t<\/div>\n\t\t\t\t\t\t<\/div>\n\t\t\t\t<\/div>\n\t\t\t\t\t<\/div>\n\t\t<\/div>\n\t\t\t\t<div class=\"elementor-column elementor-col-33 elementor-top-column elementor-element elementor-element-577aba5\" data-id=\"577aba5\" data-element_type=\"column\" data-e-type=\"column\">\n\t\t\t<div class=\"elementor-widget-wrap elementor-element-populated\">\n\t\t\t\t\t\t<div class=\"elementor-element elementor-element-3a43f4b elementor-view-default elementor-position-block-start elementor-mobile-position-block-start elementor-widget elementor-widget-icon-box\" data-id=\"3a43f4b\" data-element_type=\"widget\" data-e-type=\"widget\" data-widget_type=\"icon-box.default\">\n\t\t\t\t<div class=\"elementor-widget-container\">\n\t\t\t\t\t\t\t<div class=\"elementor-icon-box-wrapper\">\n\n\t\t\t\t\t\t<div class=\"elementor-icon-box-icon\">\n\t\t\t\t<a href=\"https:\/\/sign.server5.de\/portal\/index.php\/kontakt-social-media\/\" class=\"elementor-icon\" tabindex=\"-1\" aria-label=\"Kontakt\">\n\t\t\t\t<i aria-hidden=\"true\" class=\"fas fa-phone-alt\"><\/i>\t\t\t\t<\/a>\n\t\t\t<\/div>\n\t\t\t\n\t\t\t\t\t\t<div class=\"elementor-icon-box-content\">\n\n\t\t\t\t\t\t\t\t\t<h3 class=\"elementor-icon-box-title\">\n\t\t\t\t\t\t<a href=\"https:\/\/sign.server5.de\/portal\/index.php\/kontakt-social-media\/\" >\n\t\t\t\t\t\t\tKontakt\t\t\t\t\t\t<\/a>\n\t\t\t\t\t<\/h3>\n\t\t\t\t\n\t\t\t\t\n\t\t\t<\/div>\n\t\t\t\n\t\t<\/div>\n\t\t\t\t\t\t<\/div>\n\t\t\t\t<\/div>\n\t\t\t\t\t<\/div>\n\t\t<\/div>\n\t\t\t\t\t<\/div>\n\t\t<\/section>\n\t\t\t\t<\/div>\n\t\t","protected":false},"excerpt":{"rendered":"<p>Bitte verwenden Sie Ihr Handy oder Tablet Leider ist diese Seite f\u00fcr Dektop-Benutzer nicht verf\u00fcgbar Die F\u00fcssen Card \u2013 Ihre G\u00e4stekarte Bei Ihrer Ankunft, erhalten Sie die \u201cF\u00fcssen Card\u201d, ausgestellt von F\u00fcssen Tourismus und Marketing f\u00fcr jede mitreisende Person. Die F\u00fcssen Card bietet G\u00e4sten zahlreiche kostenfreie oder verg\u00fcnstigte Angebote. Zu den wichtigsten Vorteilen z\u00e4hlen: Kostenfreie [&hellip;]<\/p>\n","protected":false},"author":1,"featured_media":0,"parent":10,"menu_order":0,"comment_status":"closed","ping_status":"closed","template":"","meta":{"footnotes":""},"class_list":["post-3306","page","type-page","status-publish","hentry"],"_links":{"self":[{"href":"https:\/\/sign.server5.de\/portal\/wp-json\/wp\/v2\/pages\/3306","targetHints":{"allow":["GET"]}}],"collection":[{"href":"https:\/\/sign.server5.de\/portal\/wp-json\/wp\/v2\/pages"}],"about":[{"href":"https:\/\/sign.server5.de\/portal\/wp-json\/wp\/v2\/types\/page"}],"author":[{"embeddable":true,"href":"https:\/\/sign.server5.de\/portal\/wp-json\/wp\/v2\/users\/1"}],"replies":[{"embeddable":true,"href":"https:\/\/sign.server5.de\/portal\/wp-json\/wp\/v2\/comments?post=3306"}],"version-history":[{"count":16,"href":"https:\/\/sign.server5.de\/portal\/wp-json\/wp\/v2\/pages\/3306\/revisions"}],"predecessor-version":[{"id":3953,"href":"https:\/\/sign.server5.de\/portal\/wp-json\/wp\/v2\/pages\/3306\/revisions\/3953"}],"up":[{"embeddable":true,"href":"https:\/\/sign.server5.de\/portal\/wp-json\/wp\/v2\/pages\/10"}],"wp:attachment":[{"href":"https:\/\/sign.server5.de\/portal\/wp-json\/wp\/v2\/media?parent=3306"}],"curies":[{"name":"wp","href":"https:\/\/api.w.org\/{rel}","templated":true}]}}