{"id":3819,"date":"2024-06-10T08:41:35","date_gmt":"2024-06-10T08:41:35","guid":{"rendered":"https:\/\/sign.server5.de\/portal\/?page_id=3819"},"modified":"2024-06-10T09:42:08","modified_gmt":"2024-06-10T09:42:08","slug":"the-fuessen-card","status":"publish","type":"page","link":"https:\/\/sign.server5.de\/portal\/en\/hotel-san-marco-hopfen-am-see-en\/the-fuessen-card\/","title":{"rendered":"The F\u00fcssen Card"},"content":{"rendered":"\t\t<div data-elementor-type=\"wp-page\" data-elementor-id=\"3819\" class=\"elementor elementor-3819\" data-elementor-post-type=\"page\">\n\t\t\t\t\t\t<section class=\"elementor-section elementor-top-section elementor-element elementor-element-3c05305 elementor-section-stretched elementor-section-full_width elementor-hidden-tablet elementor-hidden-mobile elementor-section-height-default elementor-section-height-default\" data-id=\"3c05305\" data-element_type=\"section\" data-e-type=\"section\" data-settings=\"{&quot;stretch_section&quot;:&quot;section-stretched&quot;,&quot;background_background&quot;:&quot;classic&quot;}\">\n\t\t\t\t\t\t\t<div class=\"elementor-background-overlay\"><\/div>\n\t\t\t\t\t\t\t<div class=\"elementor-container elementor-column-gap-default\">\n\t\t\t\t\t<div class=\"elementor-column elementor-col-100 elementor-top-column elementor-element elementor-element-91997c1\" data-id=\"91997c1\" data-element_type=\"column\" data-e-type=\"column\">\n\t\t\t<div class=\"elementor-widget-wrap elementor-element-populated\">\n\t\t\t\t\t\t<section class=\"elementor-section elementor-inner-section elementor-element elementor-element-ca0668c elementor-section-boxed elementor-section-height-default elementor-section-height-default\" data-id=\"ca0668c\" data-element_type=\"section\" data-e-type=\"section\">\n\t\t\t\t\t\t<div class=\"elementor-container elementor-column-gap-default\">\n\t\t\t\t\t<div class=\"elementor-column elementor-col-100 elementor-inner-column elementor-element elementor-element-fbba0d4\" data-id=\"fbba0d4\" data-element_type=\"column\" data-e-type=\"column\">\n\t\t\t<div class=\"elementor-widget-wrap elementor-element-populated\">\n\t\t\t\t\t\t<div class=\"elementor-element elementor-element-a33a212 elementor-widget elementor-widget-heading\" data-id=\"a33a212\" data-element_type=\"widget\" data-e-type=\"widget\" data-widget_type=\"heading.default\">\n\t\t\t\t<div class=\"elementor-widget-container\">\n\t\t\t\t\t<h2 class=\"elementor-heading-title elementor-size-default\">Please use your mobile phone or tablet<\/h2>\t\t\t\t<\/div>\n\t\t\t\t<\/div>\n\t\t\t\t<div class=\"elementor-element elementor-element-ea206f6 elementor-widget elementor-widget-text-editor\" data-id=\"ea206f6\" data-element_type=\"widget\" data-e-type=\"widget\" data-widget_type=\"text-editor.default\">\n\t\t\t\t<div class=\"elementor-widget-container\">\n\t\t\t\t\t\t\t\t\t<p><span class=\"JsGRdQ\">This content isn&#8217;t available right now for desktop users<\/span><\/p>\t\t\t\t\t\t\t\t<\/div>\n\t\t\t\t<\/div>\n\t\t\t\t\t<\/div>\n\t\t<\/div>\n\t\t\t\t\t<\/div>\n\t\t<\/section>\n\t\t\t\t\t<\/div>\n\t\t<\/div>\n\t\t\t\t\t<\/div>\n\t\t<\/section>\n\t\t\t\t<section class=\"elementor-section elementor-top-section elementor-element elementor-element-af2c4fe elementor-hidden-desktop elementor-section-boxed elementor-section-height-default elementor-section-height-default\" data-id=\"af2c4fe\" data-element_type=\"section\" data-e-type=\"section\">\n\t\t\t\t\t\t<div class=\"elementor-container elementor-column-gap-default\">\n\t\t\t\t\t<div class=\"elementor-column elementor-col-100 elementor-top-column elementor-element elementor-element-2ee7a9a\" data-id=\"2ee7a9a\" data-element_type=\"column\" data-e-type=\"column\">\n\t\t\t<div class=\"elementor-widget-wrap elementor-element-populated\">\n\t\t\t\t\t\t<div class=\"elementor-element elementor-element-0b17cf1 elementor-widget elementor-widget-image\" data-id=\"0b17cf1\" data-element_type=\"widget\" data-e-type=\"widget\" data-widget_type=\"image.default\">\n\t\t\t\t<div class=\"elementor-widget-container\">\n\t\t\t\t\t\t\t\t\t\t\t\t\t\t\t<img fetchpriority=\"high\" decoding=\"async\" width=\"768\" height=\"302\" src=\"https:\/\/sign.server5.de\/portal\/wp-content\/uploads\/2024\/06\/Fuessen-Zentrum.jpg\" class=\"attachment-large size-large wp-image-3862\" alt=\"\" srcset=\"https:\/\/sign.server5.de\/portal\/wp-content\/uploads\/2024\/06\/Fuessen-Zentrum.jpg 768w, https:\/\/sign.server5.de\/portal\/wp-content\/uploads\/2024\/06\/Fuessen-Zentrum-300x118.jpg 300w\" sizes=\"(max-width: 768px) 100vw, 768px\" \/>\t\t\t\t\t\t\t\t\t\t\t\t\t\t\t<\/div>\n\t\t\t\t<\/div>\n\t\t\t\t\t<\/div>\n\t\t<\/div>\n\t\t\t\t\t<\/div>\n\t\t<\/section>\n\t\t\t\t<section class=\"elementor-section elementor-top-section elementor-element elementor-element-2d05fcb elementor-hidden-desktop elementor-section-boxed elementor-section-height-default elementor-section-height-default\" data-id=\"2d05fcb\" data-element_type=\"section\" data-e-type=\"section\">\n\t\t\t\t\t\t<div class=\"elementor-container elementor-column-gap-default\">\n\t\t\t\t\t<div class=\"elementor-column elementor-col-100 elementor-top-column elementor-element elementor-element-8b41ed8\" data-id=\"8b41ed8\" data-element_type=\"column\" data-e-type=\"column\">\n\t\t\t<div class=\"elementor-widget-wrap elementor-element-populated\">\n\t\t\t\t\t\t<div class=\"elementor-element elementor-element-af27121 elementor-widget elementor-widget-heading\" data-id=\"af27121\" data-element_type=\"widget\" data-e-type=\"widget\" data-widget_type=\"heading.default\">\n\t\t\t\t<div class=\"elementor-widget-container\">\n\t\t\t\t\t<h1 class=\"elementor-heading-title elementor-size-default\">The F\u00fcssen Card - your guest card<\/h1>\t\t\t\t<\/div>\n\t\t\t\t<\/div>\n\t\t\t\t\t<\/div>\n\t\t<\/div>\n\t\t\t\t\t<\/div>\n\t\t<\/section>\n\t\t\t\t<section class=\"elementor-section elementor-top-section elementor-element elementor-element-0aec97d elementor-hidden-desktop elementor-section-boxed elementor-section-height-default elementor-section-height-default\" data-id=\"0aec97d\" data-element_type=\"section\" data-e-type=\"section\">\n\t\t\t\t\t\t<div class=\"elementor-container elementor-column-gap-default\">\n\t\t\t\t\t<div class=\"elementor-column elementor-col-50 elementor-top-column elementor-element elementor-element-0156ec8\" data-id=\"0156ec8\" data-element_type=\"column\" data-e-type=\"column\">\n\t\t\t<div class=\"elementor-widget-wrap elementor-element-populated\">\n\t\t\t\t\t\t<div class=\"elementor-element elementor-element-81fdaf1 elementor-widget-tablet__width-initial elementor-widget elementor-widget-text-editor\" data-id=\"81fdaf1\" data-element_type=\"widget\" data-e-type=\"widget\" data-widget_type=\"text-editor.default\">\n\t\t\t\t<div class=\"elementor-widget-container\">\n\t\t\t\t\t\t\t\t\t<p>Your host will give you the F\u00fcssen Card as a guest card from F\u00fcssen Tourismus und Marketing on your arrival. As a rule, each person traveling with you will receive their own F\u00fcssen Card.<\/p><p>Important information on the use of the F\u00fcssen Card:<\/p><ul><li>The F\u00fcssen Cards of persons traveling with you are only valid once they have added their first and last names to the respective card.<\/li><li>When using a service or discount, the F\u00fcssen Card must be presented at the respective point of acceptance for inspection without being asked.<\/li><\/ul>\t\t\t\t\t\t\t\t<\/div>\n\t\t\t\t<\/div>\n\t\t\t\t\t<\/div>\n\t\t<\/div>\n\t\t\t\t<div class=\"elementor-column elementor-col-50 elementor-top-column elementor-element elementor-element-f0b4fce\" data-id=\"f0b4fce\" data-element_type=\"column\" data-e-type=\"column\">\n\t\t\t<div class=\"elementor-widget-wrap elementor-element-populated\">\n\t\t\t\t\t\t<div class=\"elementor-element elementor-element-c66b016 elementor-widget elementor-widget-image\" data-id=\"c66b016\" data-element_type=\"widget\" data-e-type=\"widget\" data-widget_type=\"image.default\">\n\t\t\t\t<div class=\"elementor-widget-container\">\n\t\t\t\t\t\t\t\t\t\t\t\t\t\t\t<img decoding=\"async\" width=\"768\" height=\"768\" src=\"https:\/\/sign.server5.de\/portal\/wp-content\/uploads\/2024\/06\/The-Fuessen-Card.png\" class=\"attachment-full size-full wp-image-3861\" alt=\"\" srcset=\"https:\/\/sign.server5.de\/portal\/wp-content\/uploads\/2024\/06\/The-Fuessen-Card.png 768w, https:\/\/sign.server5.de\/portal\/wp-content\/uploads\/2024\/06\/The-Fuessen-Card-300x300.png 300w, https:\/\/sign.server5.de\/portal\/wp-content\/uploads\/2024\/06\/The-Fuessen-Card-150x150.png 150w\" sizes=\"(max-width: 768px) 100vw, 768px\" \/>\t\t\t\t\t\t\t\t\t\t\t\t\t\t\t<\/div>\n\t\t\t\t<\/div>\n\t\t\t\t\t<\/div>\n\t\t<\/div>\n\t\t\t\t\t<\/div>\n\t\t<\/section>\n\t\t\t\t<section class=\"elementor-section elementor-top-section elementor-element elementor-element-31360c7 elementor-hidden-desktop elementor-section-boxed elementor-section-height-default elementor-section-height-default\" data-id=\"31360c7\" data-element_type=\"section\" data-e-type=\"section\">\n\t\t\t\t\t\t<div class=\"elementor-container elementor-column-gap-default\">\n\t\t\t\t\t<div class=\"elementor-column elementor-col-100 elementor-top-column elementor-element elementor-element-d737c05\" data-id=\"d737c05\" data-element_type=\"column\" data-e-type=\"column\">\n\t\t\t<div class=\"elementor-widget-wrap elementor-element-populated\">\n\t\t\t\t\t\t<div class=\"elementor-element elementor-element-cfd5b85 elementor-widget elementor-widget-text-editor\" data-id=\"cfd5b85\" data-element_type=\"widget\" data-e-type=\"widget\" data-widget_type=\"text-editor.default\">\n\t\t\t\t<div class=\"elementor-widget-container\">\n\t\t\t\t\t\t\t\t\t<p>The F\u00fcssen Card is a real advantage card: you can use many offers in the region free of charge or at a reduced price. For example, you can use the regional public transport buses and the F\u00fcssen &#8211; Kaufbeuren and Reutte &#8211; Kempten train lines free of charge.<\/p><p>Further benefits:<\/p><ul><li>Guest program<\/li><li>mountain railways<\/li><li>museums and baths<\/li><li>and much more<\/li><\/ul><p>Our tip: With the F\u00fcssen Card you receive a 20% discount on the purchase of a musical ticket at the box office or at the advance booking office in Reichenstra\u00dfe in F\u00fcssen. The discount applies to the musicals: Ludwig\u00b2 &#8211; The Musical, Zeppelin &#8211; The Musical, A Little Peace &#8211; Summer of Love, Beauty and the Beast, Hundertwasser &#8211; The Musical, Brandner Kaspar &#8211; The Musical and The Popess.<\/p>\t\t\t\t\t\t\t\t<\/div>\n\t\t\t\t<\/div>\n\t\t\t\t<div class=\"elementor-element elementor-element-11d6401 elementor-tablet-align-start elementor-icon-list--layout-traditional elementor-list-item-link-full_width elementor-widget elementor-widget-icon-list\" data-id=\"11d6401\" data-element_type=\"widget\" data-e-type=\"widget\" data-widget_type=\"icon-list.default\">\n\t\t\t\t<div class=\"elementor-widget-container\">\n\t\t\t\t\t\t\t<ul class=\"elementor-icon-list-items\">\n\t\t\t\t\t\t\t<li class=\"elementor-icon-list-item\">\n\t\t\t\t\t\t\t\t\t\t\t<a href=\"https:\/\/www.fuessen.de\/service\/gaesteservice\/fuessencard.html\" target=\"_blank\">\n\n\t\t\t\t\t\t\t\t\t\t\t\t<span class=\"elementor-icon-list-icon\">\n\t\t\t\t\t\t\t<svg xmlns=\"http:\/\/www.w3.org\/2000\/svg\" xmlns:xlink=\"http:\/\/www.w3.org\/1999\/xlink\" viewBox=\"0 0 100 100\" width=\"100px\" height=\"100px\"><g id=\"surface146098\"><path style=\" stroke:none;fill-rule:nonzero;fill:rgb(46.27451%,11.372549%,11.372549%);fill-opacity:1;\" d=\"M 66.8125 0 C 65.710938 0.101562 64.898438 1.085938 65 2.1875 C 65.101562 3.289062 66.085938 4.101562 67.1875 4 L 93.125 4 L 51.375 45.8125 C 50.78125 46.296875 50.507812 47.070312 50.679688 47.820312 C 50.851562 48.5625 51.4375 49.148438 52.179688 49.320312 C 52.929688 49.492188 53.703125 49.21875 54.1875 48.625 L 96 6.875 L 96 32.8125 C 95.992188 33.53125 96.367188 34.203125 96.992188 34.570312 C 97.617188 34.929688 98.382812 34.929688 99.007812 34.570312 C 99.632812 34.203125 100.007812 33.53125 100 32.8125 L 100 0 L 67.1875 0 C 67.125 0 67.0625 0 67 0 C 66.9375 0 66.875 0 66.8125 0 Z M 4 20 C 2.953125 20 1.882812 20.367188 1.125 21.125 C 0.367188 21.882812 0 22.953125 0 24 L 0 96 C 0 97.046875 0.367188 98.117188 1.125 98.875 C 1.882812 99.632812 2.953125 100 4 100 L 76 100 C 77.046875 100 78.117188 99.632812 78.875 98.875 C 79.632812 98.117188 80 97.046875 80 96 L 80 36 C 80.007812 35.28125 79.632812 34.609375 79.007812 34.242188 C 78.382812 33.882812 77.617188 33.882812 76.992188 34.242188 C 76.367188 34.609375 75.992188 35.28125 76 36 L 76 96 L 4 96 L 4 24 L 64 24 C 64.71875 24.007812 65.390625 23.632812 65.757812 23.007812 C 66.117188 22.382812 66.117188 21.617188 65.757812 20.992188 C 65.390625 20.367188 64.71875 19.992188 64 20 Z M 4 20 \"><\/path><\/g><\/svg>\t\t\t\t\t\t<\/span>\n\t\t\t\t\t\t\t\t\t\t<span class=\"elementor-icon-list-text\">Read more<\/span>\n\t\t\t\t\t\t\t\t\t\t\t<\/a>\n\t\t\t\t\t\t\t\t\t<\/li>\n\t\t\t\t\t\t<\/ul>\n\t\t\t\t\t\t<\/div>\n\t\t\t\t<\/div>\n\t\t\t\t\t<\/div>\n\t\t<\/div>\n\t\t\t\t\t<\/div>\n\t\t<\/section>\n\t\t\t\t<section class=\"elementor-section elementor-top-section elementor-element elementor-element-f479d73 elementor-section-boxed elementor-section-height-default elementor-section-height-default\" data-id=\"f479d73\" data-element_type=\"section\" data-e-type=\"section\">\n\t\t\t\t\t\t<div class=\"elementor-container elementor-column-gap-default\">\n\t\t\t\t\t<div class=\"elementor-column elementor-col-100 elementor-top-column elementor-element elementor-element-a693aa5\" data-id=\"a693aa5\" data-element_type=\"column\" data-e-type=\"column\">\n\t\t\t<div class=\"elementor-widget-wrap elementor-element-populated\">\n\t\t\t\t\t\t<div class=\"elementor-element elementor-element-f30a354 elementor-widget elementor-widget-spacer\" data-id=\"f30a354\" data-element_type=\"widget\" data-e-type=\"widget\" data-widget_type=\"spacer.default\">\n\t\t\t\t<div class=\"elementor-widget-container\">\n\t\t\t\t\t\t\t<div class=\"elementor-spacer\">\n\t\t\t<div class=\"elementor-spacer-inner\"><\/div>\n\t\t<\/div>\n\t\t\t\t\t\t<\/div>\n\t\t\t\t<\/div>\n\t\t\t\t\t<\/div>\n\t\t<\/div>\n\t\t\t\t\t<\/div>\n\t\t<\/section>\n\t\t\t\t<section class=\"elementor-section elementor-top-section elementor-element elementor-element-7fd6505 elementor-section-stretched elementor-hidden-desktop elementor-section-boxed elementor-section-height-default elementor-section-height-default\" data-id=\"7fd6505\" data-element_type=\"section\" data-e-type=\"section\" data-settings=\"{&quot;stretch_section&quot;:&quot;section-stretched&quot;,&quot;background_background&quot;:&quot;classic&quot;}\">\n\t\t\t\t\t\t<div class=\"elementor-container elementor-column-gap-default\">\n\t\t\t\t\t<div class=\"elementor-column elementor-col-33 elementor-top-column elementor-element elementor-element-c150b2a\" data-id=\"c150b2a\" data-element_type=\"column\" data-e-type=\"column\">\n\t\t\t<div class=\"elementor-widget-wrap elementor-element-populated\">\n\t\t\t\t\t\t<div class=\"elementor-element elementor-element-28846f2 elementor-view-default elementor-position-block-start elementor-mobile-position-block-start elementor-widget elementor-widget-icon-box\" data-id=\"28846f2\" data-element_type=\"widget\" data-e-type=\"widget\" data-widget_type=\"icon-box.default\">\n\t\t\t\t<div class=\"elementor-widget-container\">\n\t\t\t\t\t\t\t<div class=\"elementor-icon-box-wrapper\">\n\n\t\t\t\t\t\t<div class=\"elementor-icon-box-icon\">\n\t\t\t\t<a href=\"https:\/\/sign.server5.de\/portal\/hotel-san-marco-hopfen-am-see-en\/\" class=\"elementor-icon\" tabindex=\"-1\" aria-label=\"Home\">\n\t\t\t\t<i aria-hidden=\"true\" class=\"fas fa-home\"><\/i>\t\t\t\t<\/a>\n\t\t\t<\/div>\n\t\t\t\n\t\t\t\t\t\t<div class=\"elementor-icon-box-content\">\n\n\t\t\t\t\t\t\t\t\t<h3 class=\"elementor-icon-box-title\">\n\t\t\t\t\t\t<a href=\"https:\/\/sign.server5.de\/portal\/hotel-san-marco-hopfen-am-see-en\/\" >\n\t\t\t\t\t\t\tHome\t\t\t\t\t\t<\/a>\n\t\t\t\t\t<\/h3>\n\t\t\t\t\n\t\t\t\t\n\t\t\t<\/div>\n\t\t\t\n\t\t<\/div>\n\t\t\t\t\t\t<\/div>\n\t\t\t\t<\/div>\n\t\t\t\t\t<\/div>\n\t\t<\/div>\n\t\t\t\t<div class=\"elementor-column elementor-col-33 elementor-top-column elementor-element elementor-element-b4c1524\" data-id=\"b4c1524\" data-element_type=\"column\" data-e-type=\"column\">\n\t\t\t<div class=\"elementor-widget-wrap elementor-element-populated\">\n\t\t\t\t\t\t<div class=\"elementor-element elementor-element-da4c9b0 elementor-view-default elementor-position-block-start elementor-mobile-position-block-start elementor-widget elementor-widget-icon-box\" data-id=\"da4c9b0\" data-element_type=\"widget\" data-e-type=\"widget\" data-widget_type=\"icon-box.default\">\n\t\t\t\t<div class=\"elementor-widget-container\">\n\t\t\t\t\t\t\t<div class=\"elementor-icon-box-wrapper\">\n\n\t\t\t\t\t\t<div class=\"elementor-icon-box-icon\">\n\t\t\t\t<a href=\"https:\/\/sign.server5.de\/portal\/hotel-san-marco-hopfen-am-see-en\/weather\/\" class=\"elementor-icon\" tabindex=\"-1\" aria-label=\"Weather\">\n\t\t\t\t<i aria-hidden=\"true\" class=\"fas fa-temperature-low\"><\/i>\t\t\t\t<\/a>\n\t\t\t<\/div>\n\t\t\t\n\t\t\t\t\t\t<div class=\"elementor-icon-box-content\">\n\n\t\t\t\t\t\t\t\t\t<h3 class=\"elementor-icon-box-title\">\n\t\t\t\t\t\t<a href=\"https:\/\/sign.server5.de\/portal\/hotel-san-marco-hopfen-am-see-en\/weather\/\" >\n\t\t\t\t\t\t\tWeather\t\t\t\t\t\t<\/a>\n\t\t\t\t\t<\/h3>\n\t\t\t\t\n\t\t\t\t\n\t\t\t<\/div>\n\t\t\t\n\t\t<\/div>\n\t\t\t\t\t\t<\/div>\n\t\t\t\t<\/div>\n\t\t\t\t\t<\/div>\n\t\t<\/div>\n\t\t\t\t<div class=\"elementor-column elementor-col-33 elementor-top-column elementor-element elementor-element-306b78b\" data-id=\"306b78b\" data-element_type=\"column\" data-e-type=\"column\">\n\t\t\t<div class=\"elementor-widget-wrap elementor-element-populated\">\n\t\t\t\t\t\t<div class=\"elementor-element elementor-element-c9bdaa4 elementor-view-default elementor-position-block-start elementor-mobile-position-block-start elementor-widget elementor-widget-icon-box\" data-id=\"c9bdaa4\" data-element_type=\"widget\" data-e-type=\"widget\" data-widget_type=\"icon-box.default\">\n\t\t\t\t<div class=\"elementor-widget-container\">\n\t\t\t\t\t\t\t<div class=\"elementor-icon-box-wrapper\">\n\n\t\t\t\t\t\t<div class=\"elementor-icon-box-icon\">\n\t\t\t\t<a href=\"https:\/\/sign.server5.de\/portal\/hotel-san-marco-hopfen-am-see-en\/contact-social-media\/\" class=\"elementor-icon\" tabindex=\"-1\" aria-label=\"Contact\">\n\t\t\t\t<i aria-hidden=\"true\" class=\"fas fa-phone-alt\"><\/i>\t\t\t\t<\/a>\n\t\t\t<\/div>\n\t\t\t\n\t\t\t\t\t\t<div class=\"elementor-icon-box-content\">\n\n\t\t\t\t\t\t\t\t\t<h3 class=\"elementor-icon-box-title\">\n\t\t\t\t\t\t<a href=\"https:\/\/sign.server5.de\/portal\/hotel-san-marco-hopfen-am-see-en\/contact-social-media\/\" >\n\t\t\t\t\t\t\tContact\t\t\t\t\t\t<\/a>\n\t\t\t\t\t<\/h3>\n\t\t\t\t\n\t\t\t\t\n\t\t\t<\/div>\n\t\t\t\n\t\t<\/div>\n\t\t\t\t\t\t<\/div>\n\t\t\t\t<\/div>\n\t\t\t\t\t<\/div>\n\t\t<\/div>\n\t\t\t\t\t<\/div>\n\t\t<\/section>\n\t\t\t\t<\/div>\n\t\t","protected":false},"excerpt":{"rendered":"<p>Please use your mobile phone or tablet This content isn&#8217;t available right now for desktop users The F\u00fcssen Card &#8211; your guest card Your host will give you the F\u00fcssen Card as a guest card from F\u00fcssen Tourismus und Marketing on your arrival. As a rule, each person traveling with you will receive their own [&hellip;]<\/p>\n","protected":false},"author":1,"featured_media":0,"parent":632,"menu_order":0,"comment_status":"closed","ping_status":"closed","template":"","meta":{"footnotes":""},"class_list":["post-3819","page","type-page","status-publish","hentry"],"_links":{"self":[{"href":"https:\/\/sign.server5.de\/portal\/wp-json\/wp\/v2\/pages\/3819","targetHints":{"allow":["GET"]}}],"collection":[{"href":"https:\/\/sign.server5.de\/portal\/wp-json\/wp\/v2\/pages"}],"about":[{"href":"https:\/\/sign.server5.de\/portal\/wp-json\/wp\/v2\/types\/page"}],"author":[{"embeddable":true,"href":"https:\/\/sign.server5.de\/portal\/wp-json\/wp\/v2\/users\/1"}],"replies":[{"embeddable":true,"href":"https:\/\/sign.server5.de\/portal\/wp-json\/wp\/v2\/comments?post=3819"}],"version-history":[{"count":16,"href":"https:\/\/sign.server5.de\/portal\/wp-json\/wp\/v2\/pages\/3819\/revisions"}],"predecessor-version":[{"id":3865,"href":"https:\/\/sign.server5.de\/portal\/wp-json\/wp\/v2\/pages\/3819\/revisions\/3865"}],"up":[{"embeddable":true,"href":"https:\/\/sign.server5.de\/portal\/wp-json\/wp\/v2\/pages\/632"}],"wp:attachment":[{"href":"https:\/\/sign.server5.de\/portal\/wp-json\/wp\/v2\/media?parent=3819"}],"curies":[{"name":"wp","href":"https:\/\/api.w.org\/{rel}","templated":true}]}}