{"id":917,"date":"2022-03-29T12:46:03","date_gmt":"2022-03-29T12:46:03","guid":{"rendered":"https:\/\/sign.server5.de\/portal\/?page_id=917"},"modified":"2022-03-29T13:34:15","modified_gmt":"2022-03-29T13:34:15","slug":"denos-su-opinion","status":"publish","type":"page","link":"https:\/\/sign.server5.de\/portal\/es\/hotel-san-marco-hopfen-am-see-es\/denos-su-opinion\/","title":{"rendered":"Denos su opini\u00f3n"},"content":{"rendered":"\t\t<div data-elementor-type=\"wp-page\" data-elementor-id=\"917\" class=\"elementor elementor-917\" data-elementor-post-type=\"page\">\n\t\t\t\t\t\t<section class=\"elementor-section elementor-top-section elementor-element elementor-element-d7ab2c2 elementor-section-stretched elementor-section-full_width elementor-hidden-mobile elementor-section-height-default elementor-section-height-default\" data-id=\"d7ab2c2\" data-element_type=\"section\" data-e-type=\"section\" data-settings=\"{&quot;stretch_section&quot;:&quot;section-stretched&quot;,&quot;background_background&quot;:&quot;classic&quot;}\">\n\t\t\t\t\t\t\t<div class=\"elementor-background-overlay\"><\/div>\n\t\t\t\t\t\t\t<div class=\"elementor-container elementor-column-gap-default\">\n\t\t\t\t\t<div class=\"elementor-column elementor-col-100 elementor-top-column elementor-element elementor-element-4e685e2\" data-id=\"4e685e2\" data-element_type=\"column\" data-e-type=\"column\">\n\t\t\t<div class=\"elementor-widget-wrap elementor-element-populated\">\n\t\t\t\t\t\t<section class=\"elementor-section elementor-inner-section elementor-element elementor-element-a9ec0c6 elementor-section-boxed elementor-section-height-default elementor-section-height-default\" data-id=\"a9ec0c6\" data-element_type=\"section\" data-e-type=\"section\">\n\t\t\t\t\t\t<div class=\"elementor-container elementor-column-gap-default\">\n\t\t\t\t\t<div class=\"elementor-column elementor-col-100 elementor-inner-column elementor-element elementor-element-3a652fb\" data-id=\"3a652fb\" data-element_type=\"column\" data-e-type=\"column\">\n\t\t\t<div class=\"elementor-widget-wrap elementor-element-populated\">\n\t\t\t\t\t\t<div class=\"elementor-element elementor-element-151cb70 elementor-widget elementor-widget-heading\" data-id=\"151cb70\" data-element_type=\"widget\" data-e-type=\"widget\" data-widget_type=\"heading.default\">\n\t\t\t\t<div class=\"elementor-widget-container\">\n\t\t\t\t\t<h2 class=\"elementor-heading-title elementor-size-default\">Por favor, utilice su tel\u00e9fono m\u00f3vil o tablet<\/h2>\t\t\t\t<\/div>\n\t\t\t\t<\/div>\n\t\t\t\t<div class=\"elementor-element elementor-element-b5ad893 elementor-widget elementor-widget-text-editor\" data-id=\"b5ad893\" data-element_type=\"widget\" data-e-type=\"widget\" data-widget_type=\"text-editor.default\">\n\t\t\t\t<div class=\"elementor-widget-container\">\n\t\t\t\t\t\t\t\t\t<p class=\"_04xlpA direction-ltr align-center para-style-title\">Lamentablemente, esta p\u00e1gina no est\u00e1 disponible para ordenadores<\/p>\t\t\t\t\t\t\t\t<\/div>\n\t\t\t\t<\/div>\n\t\t\t\t\t<\/div>\n\t\t<\/div>\n\t\t\t\t\t<\/div>\n\t\t<\/section>\n\t\t\t\t\t<\/div>\n\t\t<\/div>\n\t\t\t\t\t<\/div>\n\t\t<\/section>\n\t\t\t\t<section class=\"elementor-section elementor-top-section elementor-element elementor-element-890699d elementor-hidden-desktop elementor-section-boxed elementor-section-height-default elementor-section-height-default\" data-id=\"890699d\" data-element_type=\"section\" data-e-type=\"section\">\n\t\t\t\t\t\t<div class=\"elementor-container elementor-column-gap-default\">\n\t\t\t\t\t<div class=\"elementor-column elementor-col-100 elementor-top-column elementor-element elementor-element-0f06d9d\" data-id=\"0f06d9d\" data-element_type=\"column\" data-e-type=\"column\">\n\t\t\t<div class=\"elementor-widget-wrap elementor-element-populated\">\n\t\t\t\t\t\t<div class=\"elementor-element elementor-element-388fa17 elementor-widget elementor-widget-image\" data-id=\"388fa17\" data-element_type=\"widget\" data-e-type=\"widget\" data-widget_type=\"image.default\">\n\t\t\t\t<div class=\"elementor-widget-container\">\n\t\t\t\t\t\t\t\t\t\t\t\t\t\t\t<img fetchpriority=\"high\" decoding=\"async\" width=\"800\" height=\"297\" src=\"https:\/\/sign.server5.de\/portal\/wp-content\/uploads\/2022\/03\/sm-ga\u0308ste3.jpg\" class=\"attachment-large size-large wp-image-289\" alt=\"\" srcset=\"https:\/\/sign.server5.de\/portal\/wp-content\/uploads\/2022\/03\/sm-ga\u0308ste3.jpg 1024w, https:\/\/sign.server5.de\/portal\/wp-content\/uploads\/2022\/03\/sm-ga\u0308ste3-300x111.jpg 300w, https:\/\/sign.server5.de\/portal\/wp-content\/uploads\/2022\/03\/sm-ga\u0308ste3-768x285.jpg 768w\" sizes=\"(max-width: 800px) 100vw, 800px\" \/>\t\t\t\t\t\t\t\t\t\t\t\t\t\t\t<\/div>\n\t\t\t\t<\/div>\n\t\t\t\t\t<\/div>\n\t\t<\/div>\n\t\t\t\t\t<\/div>\n\t\t<\/section>\n\t\t\t\t<section class=\"elementor-section elementor-top-section elementor-element elementor-element-5d57294 elementor-hidden-desktop elementor-section-boxed elementor-section-height-default elementor-section-height-default\" data-id=\"5d57294\" data-element_type=\"section\" data-e-type=\"section\">\n\t\t\t\t\t\t<div class=\"elementor-container elementor-column-gap-default\">\n\t\t\t\t\t<div class=\"elementor-column elementor-col-100 elementor-top-column elementor-element elementor-element-b95073a\" data-id=\"b95073a\" data-element_type=\"column\" data-e-type=\"column\">\n\t\t\t<div class=\"elementor-widget-wrap elementor-element-populated\">\n\t\t\t\t\t\t<div class=\"elementor-element elementor-element-907c32e elementor-widget elementor-widget-heading\" data-id=\"907c32e\" data-element_type=\"widget\" data-e-type=\"widget\" data-widget_type=\"heading.default\">\n\t\t\t\t<div class=\"elementor-widget-container\">\n\t\t\t\t\t<h1 class=\"elementor-heading-title elementor-size-default\">Denos su opini\u00f3n<\/h1>\t\t\t\t<\/div>\n\t\t\t\t<\/div>\n\t\t\t\t\t<\/div>\n\t\t<\/div>\n\t\t\t\t\t<\/div>\n\t\t<\/section>\n\t\t\t\t<section class=\"elementor-section elementor-top-section elementor-element elementor-element-158b676 elementor-hidden-desktop elementor-section-boxed elementor-section-height-default elementor-section-height-default\" data-id=\"158b676\" data-element_type=\"section\" data-e-type=\"section\">\n\t\t\t\t\t\t<div class=\"elementor-container elementor-column-gap-default\">\n\t\t\t\t\t<div class=\"elementor-column elementor-col-100 elementor-top-column elementor-element elementor-element-6a056c0\" data-id=\"6a056c0\" data-element_type=\"column\" data-e-type=\"column\">\n\t\t\t<div class=\"elementor-widget-wrap elementor-element-populated\">\n\t\t\t\t\t\t<div class=\"elementor-element elementor-element-eeab592 elementor-widget elementor-widget-text-editor\" data-id=\"eeab592\" data-element_type=\"widget\" data-e-type=\"widget\" data-widget_type=\"text-editor.default\">\n\t\t\t\t<div class=\"elementor-widget-container\">\n\t\t\t\t\t\t\t\t\t<p>Su opini\u00f3n es importante para nosotros, por eso nos alegra recibir comentarios sobre su estancia con nosotros.<\/p><p>Por favor, ap\u00f3yanos dejando tu opini\u00f3n en Booking, Google o Tripadvisor.<\/p><p>\u00a1Muchas gracias!<\/p>\t\t\t\t\t\t\t\t<\/div>\n\t\t\t\t<\/div>\n\t\t\t\t\t<\/div>\n\t\t<\/div>\n\t\t\t\t\t<\/div>\n\t\t<\/section>\n\t\t\t\t<section class=\"elementor-section elementor-top-section elementor-element elementor-element-b26d94f elementor-hidden-desktop elementor-section-boxed elementor-section-height-default elementor-section-height-default\" data-id=\"b26d94f\" data-element_type=\"section\" data-e-type=\"section\">\n\t\t\t\t\t\t<div class=\"elementor-container elementor-column-gap-default\">\n\t\t\t\t\t<div class=\"elementor-column elementor-col-100 elementor-top-column elementor-element elementor-element-ccd18a9\" data-id=\"ccd18a9\" data-element_type=\"column\" data-e-type=\"column\">\n\t\t\t<div class=\"elementor-widget-wrap elementor-element-populated\">\n\t\t\t\t\t\t<div class=\"elementor-element elementor-element-7a606ce elementor-widget elementor-widget-image\" data-id=\"7a606ce\" data-element_type=\"widget\" data-e-type=\"widget\" data-widget_type=\"image.default\">\n\t\t\t\t<div class=\"elementor-widget-container\">\n\t\t\t\t\t\t\t\t\t\t\t\t\t\t\t\t<a href=\"https:\/\/www.google.com\/travel\/hotels\/hotel%20san%20marco%20hopfensee\/entity\/CgoI5YKfi4Xs-oNCEAE\/reviews?q=hotel%20san%20marco%20hopfensee&#038;g2lb=2502548%2C2503771%2C2503781%2C4258168%2C4270442%2C4284970%2C4291517%2C4306835%2C4401769%2C4429192%2C4597339%2C4640247%2C4647135%2C4649665%2C4680677%2C4722435%2C4722900%2C4723331%2C4726607%2C4733706%2C4733969%2C4736008&#038;hl=de-DE&#038;gl=de&#038;ssta=1&#038;rp=EOWCn4uF7PqDQhDlgp-Lhez6g0I4AkAASAHAAQI&#038;ictx=1&#038;sa=X&#038;ved=0CAAQ5JsGahcKEwi4tZ2wqN72AhUAAAAAHQAAAAAQAg&#038;utm_campaign=sharing&#038;utm_medium=link&#038;utm_source=htls&#038;ts=CAESABpJCisSJzIlMHg0NzljNWYxMWZkYTVlYjlmOjB4NDIwN2ViNjA1MTY3YzE2NRoAEhoSFAoHCOYPEAMYHRIHCOYPEAMYHhgBMgIQACoJCgU6A0VVUhoA\" target=\"_blank\">\n\t\t\t\t\t\t\t<img decoding=\"async\" width=\"300\" height=\"180\" src=\"https:\/\/sign.server5.de\/portal\/wp-content\/uploads\/2022\/03\/500px-Google_rezension-300x180.png\" class=\"attachment-medium size-medium wp-image-528\" alt=\"\" srcset=\"https:\/\/sign.server5.de\/portal\/wp-content\/uploads\/2022\/03\/500px-Google_rezension-300x180.png 300w, https:\/\/sign.server5.de\/portal\/wp-content\/uploads\/2022\/03\/500px-Google_rezension.png 500w\" sizes=\"(max-width: 300px) 100vw, 300px\" \/>\t\t\t\t\t\t\t\t<\/a>\n\t\t\t\t\t\t\t\t\t\t\t\t\t\t\t<\/div>\n\t\t\t\t<\/div>\n\t\t\t\t\t<\/div>\n\t\t<\/div>\n\t\t\t\t\t<\/div>\n\t\t<\/section>\n\t\t\t\t<section class=\"elementor-section elementor-top-section elementor-element elementor-element-dc45ead elementor-hidden-desktop elementor-section-boxed elementor-section-height-default elementor-section-height-default\" data-id=\"dc45ead\" data-element_type=\"section\" data-e-type=\"section\">\n\t\t\t\t\t\t<div class=\"elementor-container elementor-column-gap-default\">\n\t\t\t\t\t<div class=\"elementor-column elementor-col-100 elementor-top-column elementor-element elementor-element-abc234f\" data-id=\"abc234f\" data-element_type=\"column\" data-e-type=\"column\">\n\t\t\t<div class=\"elementor-widget-wrap elementor-element-populated\">\n\t\t\t\t\t\t<div class=\"elementor-element elementor-element-b96c7d9 elementor-widget elementor-widget-image\" data-id=\"b96c7d9\" data-element_type=\"widget\" data-e-type=\"widget\" data-widget_type=\"image.default\">\n\t\t\t\t<div class=\"elementor-widget-container\">\n\t\t\t\t\t\t\t\t\t\t\t\t\t\t\t\t<a href=\"https:\/\/www.booking.com\/hotel\/de\/san-marco.de.html?aid=376364;label=de-Va3XHL77zHanrS4L8SxOlAS410502041971%3Apl%3Ata%3Ap1%3Ap22.563.000%3Aac%3Aap%3Aneg%3Afi%3Atikwd-65526620%3Alp9068483%3Ali%3Adec%3Adm%3Appccp%3DUmFuZG9tSVYkc2RlIyh9YYnX0UuDUyu9DO6pj_qLMMQ;sid=a82dfbda39fbf3d6b985041f39d89f43;dest_id=-1797517;dest_type=city;dist=0;group_adults=2;group_children=0;hapos=5;hpos=5;no_rooms=1;req_adults=2;req_children=0;room1=A%2CA;sb_price_type=total;sr_order=popularity;srepoch=1647958493;srpvid=f1b8642e146e0115;type=total;ucfs=1&#038;#tab-main\" target=\"_blank\">\n\t\t\t\t\t\t\t<img decoding=\"async\" width=\"300\" height=\"56\" src=\"https:\/\/sign.server5.de\/portal\/wp-content\/uploads\/2022\/03\/booking2-300x56.png\" class=\"attachment-medium size-medium wp-image-533\" alt=\"\" srcset=\"https:\/\/sign.server5.de\/portal\/wp-content\/uploads\/2022\/03\/booking2-300x56.png 300w, https:\/\/sign.server5.de\/portal\/wp-content\/uploads\/2022\/03\/booking2-768x144.png 768w, https:\/\/sign.server5.de\/portal\/wp-content\/uploads\/2022\/03\/booking2.png 800w\" sizes=\"(max-width: 300px) 100vw, 300px\" \/>\t\t\t\t\t\t\t\t<\/a>\n\t\t\t\t\t\t\t\t\t\t\t\t\t\t\t<\/div>\n\t\t\t\t<\/div>\n\t\t\t\t\t<\/div>\n\t\t<\/div>\n\t\t\t\t\t<\/div>\n\t\t<\/section>\n\t\t\t\t<section class=\"elementor-section elementor-top-section elementor-element elementor-element-dd37d98 elementor-hidden-desktop elementor-section-boxed elementor-section-height-default elementor-section-height-default\" data-id=\"dd37d98\" data-element_type=\"section\" data-e-type=\"section\">\n\t\t\t\t\t\t<div class=\"elementor-container elementor-column-gap-default\">\n\t\t\t\t\t<div class=\"elementor-column elementor-col-100 elementor-top-column elementor-element elementor-element-23bf758\" data-id=\"23bf758\" data-element_type=\"column\" data-e-type=\"column\">\n\t\t\t<div class=\"elementor-widget-wrap elementor-element-populated\">\n\t\t\t\t\t\t<div class=\"elementor-element elementor-element-048127f elementor-widget elementor-widget-image\" data-id=\"048127f\" data-element_type=\"widget\" data-e-type=\"widget\" data-widget_type=\"image.default\">\n\t\t\t\t<div class=\"elementor-widget-container\">\n\t\t\t\t\t\t\t\t\t\t\t\t\t\t\t\t<a href=\"https:\/\/www.tripadvisor.de\/UserReviewEdit-g187316-d624777-Hotel_San_Marco-Fussen_Swabia_Bavaria.html\" target=\"_blank\">\n\t\t\t\t\t\t\t<img loading=\"lazy\" decoding=\"async\" width=\"300\" height=\"225\" src=\"https:\/\/sign.server5.de\/portal\/wp-content\/uploads\/2022\/03\/trip-300x225.png\" class=\"attachment-medium size-medium wp-image-534\" alt=\"\" srcset=\"https:\/\/sign.server5.de\/portal\/wp-content\/uploads\/2022\/03\/trip-300x225.png 300w, https:\/\/sign.server5.de\/portal\/wp-content\/uploads\/2022\/03\/trip.png 400w\" sizes=\"(max-width: 300px) 100vw, 300px\" \/>\t\t\t\t\t\t\t\t<\/a>\n\t\t\t\t\t\t\t\t\t\t\t\t\t\t\t<\/div>\n\t\t\t\t<\/div>\n\t\t\t\t\t<\/div>\n\t\t<\/div>\n\t\t\t\t\t<\/div>\n\t\t<\/section>\n\t\t\t\t<section class=\"elementor-section elementor-top-section elementor-element elementor-element-e7946b9 elementor-section-stretched elementor-hidden-desktop elementor-section-boxed elementor-section-height-default elementor-section-height-default\" data-id=\"e7946b9\" data-element_type=\"section\" data-e-type=\"section\" data-settings=\"{&quot;stretch_section&quot;:&quot;section-stretched&quot;,&quot;background_background&quot;:&quot;classic&quot;}\">\n\t\t\t\t\t\t<div class=\"elementor-container elementor-column-gap-default\">\n\t\t\t\t\t<div class=\"elementor-column elementor-col-33 elementor-top-column elementor-element elementor-element-5a50d97\" data-id=\"5a50d97\" data-element_type=\"column\" data-e-type=\"column\">\n\t\t\t<div class=\"elementor-widget-wrap elementor-element-populated\">\n\t\t\t\t\t\t<div class=\"elementor-element elementor-element-5c8f55c elementor-view-default elementor-position-block-start elementor-mobile-position-block-start elementor-widget elementor-widget-icon-box\" data-id=\"5c8f55c\" data-element_type=\"widget\" data-e-type=\"widget\" data-widget_type=\"icon-box.default\">\n\t\t\t\t<div class=\"elementor-widget-container\">\n\t\t\t\t\t\t\t<div class=\"elementor-icon-box-wrapper\">\n\n\t\t\t\t\t\t<div class=\"elementor-icon-box-icon\">\n\t\t\t\t<a href=\"https:\/\/sign.server5.de\/portal\/es\/hotel-san-marco-hopfen-am-see-es\/\" class=\"elementor-icon\" tabindex=\"-1\" aria-label=\"Inicio\">\n\t\t\t\t<i aria-hidden=\"true\" class=\"fas fa-home\"><\/i>\t\t\t\t<\/a>\n\t\t\t<\/div>\n\t\t\t\n\t\t\t\t\t\t<div class=\"elementor-icon-box-content\">\n\n\t\t\t\t\t\t\t\t\t<h3 class=\"elementor-icon-box-title\">\n\t\t\t\t\t\t<a href=\"https:\/\/sign.server5.de\/portal\/es\/hotel-san-marco-hopfen-am-see-es\/\" >\n\t\t\t\t\t\t\tInicio\t\t\t\t\t\t<\/a>\n\t\t\t\t\t<\/h3>\n\t\t\t\t\n\t\t\t\t\n\t\t\t<\/div>\n\t\t\t\n\t\t<\/div>\n\t\t\t\t\t\t<\/div>\n\t\t\t\t<\/div>\n\t\t\t\t\t<\/div>\n\t\t<\/div>\n\t\t\t\t<div class=\"elementor-column elementor-col-33 elementor-top-column elementor-element elementor-element-cbebd19\" data-id=\"cbebd19\" data-element_type=\"column\" data-e-type=\"column\">\n\t\t\t<div class=\"elementor-widget-wrap elementor-element-populated\">\n\t\t\t\t\t\t<div class=\"elementor-element elementor-element-abbf247 elementor-view-default elementor-position-block-start elementor-mobile-position-block-start elementor-widget elementor-widget-icon-box\" data-id=\"abbf247\" data-element_type=\"widget\" data-e-type=\"widget\" data-widget_type=\"icon-box.default\">\n\t\t\t\t<div class=\"elementor-widget-container\">\n\t\t\t\t\t\t\t<div class=\"elementor-icon-box-wrapper\">\n\n\t\t\t\t\t\t<div class=\"elementor-icon-box-icon\">\n\t\t\t\t<a href=\"https:\/\/sign.server5.de\/portal\/es\/hotel-san-marco-hopfen-am-see-es\/el-tiempo\/\" class=\"elementor-icon\" tabindex=\"-1\" aria-label=\"Tiempo\">\n\t\t\t\t<i aria-hidden=\"true\" class=\"fas fa-temperature-low\"><\/i>\t\t\t\t<\/a>\n\t\t\t<\/div>\n\t\t\t\n\t\t\t\t\t\t<div class=\"elementor-icon-box-content\">\n\n\t\t\t\t\t\t\t\t\t<h3 class=\"elementor-icon-box-title\">\n\t\t\t\t\t\t<a href=\"https:\/\/sign.server5.de\/portal\/es\/hotel-san-marco-hopfen-am-see-es\/el-tiempo\/\" >\n\t\t\t\t\t\t\tTiempo\t\t\t\t\t\t<\/a>\n\t\t\t\t\t<\/h3>\n\t\t\t\t\n\t\t\t\t\n\t\t\t<\/div>\n\t\t\t\n\t\t<\/div>\n\t\t\t\t\t\t<\/div>\n\t\t\t\t<\/div>\n\t\t\t\t\t<\/div>\n\t\t<\/div>\n\t\t\t\t<div class=\"elementor-column elementor-col-33 elementor-top-column elementor-element elementor-element-412b2c4\" data-id=\"412b2c4\" data-element_type=\"column\" data-e-type=\"column\">\n\t\t\t<div class=\"elementor-widget-wrap elementor-element-populated\">\n\t\t\t\t\t\t<div class=\"elementor-element elementor-element-b99602a elementor-view-default elementor-position-block-start elementor-mobile-position-block-start elementor-widget elementor-widget-icon-box\" data-id=\"b99602a\" data-element_type=\"widget\" data-e-type=\"widget\" data-widget_type=\"icon-box.default\">\n\t\t\t\t<div class=\"elementor-widget-container\">\n\t\t\t\t\t\t\t<div class=\"elementor-icon-box-wrapper\">\n\n\t\t\t\t\t\t<div class=\"elementor-icon-box-icon\">\n\t\t\t\t<a href=\"https:\/\/sign.server5.de\/portal\/es\/hotel-san-marco-hopfen-am-see-es\/contacto-y-redes-sociales\/\" class=\"elementor-icon\" tabindex=\"-1\" aria-label=\"Contacto\">\n\t\t\t\t<i aria-hidden=\"true\" class=\"fas fa-phone-alt\"><\/i>\t\t\t\t<\/a>\n\t\t\t<\/div>\n\t\t\t\n\t\t\t\t\t\t<div class=\"elementor-icon-box-content\">\n\n\t\t\t\t\t\t\t\t\t<h3 class=\"elementor-icon-box-title\">\n\t\t\t\t\t\t<a href=\"https:\/\/sign.server5.de\/portal\/es\/hotel-san-marco-hopfen-am-see-es\/contacto-y-redes-sociales\/\" >\n\t\t\t\t\t\t\tContacto\t\t\t\t\t\t<\/a>\n\t\t\t\t\t<\/h3>\n\t\t\t\t\n\t\t\t\t\n\t\t\t<\/div>\n\t\t\t\n\t\t<\/div>\n\t\t\t\t\t\t<\/div>\n\t\t\t\t<\/div>\n\t\t\t\t\t<\/div>\n\t\t<\/div>\n\t\t\t\t\t<\/div>\n\t\t<\/section>\n\t\t\t\t<\/div>\n\t\t","protected":false},"excerpt":{"rendered":"<p>Por favor, utilice su tel\u00e9fono m\u00f3vil o tablet Lamentablemente, esta p\u00e1gina no est\u00e1 disponible para ordenadores Denos su opini\u00f3n Su opini\u00f3n es importante para nosotros, por eso nos alegra recibir comentarios sobre su estancia con nosotros. Por favor, ap\u00f3yanos dejando tu opini\u00f3n en Booking, Google o Tripadvisor. \u00a1Muchas gracias! Inicio Tiempo Contacto<\/p>\n","protected":false},"author":1,"featured_media":0,"parent":907,"menu_order":0,"comment_status":"closed","ping_status":"closed","template":"elementor_theme","meta":{"footnotes":""},"class_list":["post-917","page","type-page","status-publish","hentry"],"_links":{"self":[{"href":"https:\/\/sign.server5.de\/portal\/wp-json\/wp\/v2\/pages\/917","targetHints":{"allow":["GET"]}}],"collection":[{"href":"https:\/\/sign.server5.de\/portal\/wp-json\/wp\/v2\/pages"}],"about":[{"href":"https:\/\/sign.server5.de\/portal\/wp-json\/wp\/v2\/types\/page"}],"author":[{"embeddable":true,"href":"https:\/\/sign.server5.de\/portal\/wp-json\/wp\/v2\/users\/1"}],"replies":[{"embeddable":true,"href":"https:\/\/sign.server5.de\/portal\/wp-json\/wp\/v2\/comments?post=917"}],"version-history":[{"count":13,"href":"https:\/\/sign.server5.de\/portal\/wp-json\/wp\/v2\/pages\/917\/revisions"}],"predecessor-version":[{"id":1075,"href":"https:\/\/sign.server5.de\/portal\/wp-json\/wp\/v2\/pages\/917\/revisions\/1075"}],"up":[{"embeddable":true,"href":"https:\/\/sign.server5.de\/portal\/wp-json\/wp\/v2\/pages\/907"}],"wp:attachment":[{"href":"https:\/\/sign.server5.de\/portal\/wp-json\/wp\/v2\/media?parent=917"}],"curies":[{"name":"wp","href":"https:\/\/api.w.org\/{rel}","templated":true}]}}