{"id":940,"date":"2022-03-29T12:59:37","date_gmt":"2022-03-29T12:59:37","guid":{"rendered":"https:\/\/sign.server5.de\/portal\/?page_id=940"},"modified":"2022-03-29T13:35:26","modified_gmt":"2022-03-29T13:35:26","slug":"su-proxima-estadia-con-nosotros","status":"publish","type":"page","link":"https:\/\/sign.server5.de\/portal\/es\/hotel-san-marco-hopfen-am-see-es\/su-proxima-estadia-con-nosotros\/","title":{"rendered":"Su pr\u00f3xima estad\u00eda con nosotros"},"content":{"rendered":"\t\t<div data-elementor-type=\"wp-page\" data-elementor-id=\"940\" class=\"elementor elementor-940\" data-elementor-post-type=\"page\">\n\t\t\t\t\t\t<section class=\"elementor-section elementor-top-section elementor-element elementor-element-e7d4cc5 elementor-section-stretched elementor-section-full_width elementor-hidden-mobile elementor-section-height-default elementor-section-height-default\" data-id=\"e7d4cc5\" data-element_type=\"section\" data-e-type=\"section\" data-settings=\"{&quot;stretch_section&quot;:&quot;section-stretched&quot;,&quot;background_background&quot;:&quot;classic&quot;}\">\n\t\t\t\t\t\t\t<div class=\"elementor-background-overlay\"><\/div>\n\t\t\t\t\t\t\t<div class=\"elementor-container elementor-column-gap-default\">\n\t\t\t\t\t<div class=\"elementor-column elementor-col-100 elementor-top-column elementor-element elementor-element-53f1bd2\" data-id=\"53f1bd2\" data-element_type=\"column\" data-e-type=\"column\">\n\t\t\t<div class=\"elementor-widget-wrap elementor-element-populated\">\n\t\t\t\t\t\t<section class=\"elementor-section elementor-inner-section elementor-element elementor-element-be64181 elementor-section-boxed elementor-section-height-default elementor-section-height-default\" data-id=\"be64181\" data-element_type=\"section\" data-e-type=\"section\">\n\t\t\t\t\t\t<div class=\"elementor-container elementor-column-gap-default\">\n\t\t\t\t\t<div class=\"elementor-column elementor-col-100 elementor-inner-column elementor-element elementor-element-d8256a6\" data-id=\"d8256a6\" data-element_type=\"column\" data-e-type=\"column\">\n\t\t\t<div class=\"elementor-widget-wrap elementor-element-populated\">\n\t\t\t\t\t\t<div class=\"elementor-element elementor-element-33fffca elementor-widget elementor-widget-heading\" data-id=\"33fffca\" data-element_type=\"widget\" data-e-type=\"widget\" data-widget_type=\"heading.default\">\n\t\t\t\t<div class=\"elementor-widget-container\">\n\t\t\t\t\t<h2 class=\"elementor-heading-title elementor-size-default\">Por favor, utilice su tel\u00e9fono m\u00f3vil o tablet<\/h2>\t\t\t\t<\/div>\n\t\t\t\t<\/div>\n\t\t\t\t<div class=\"elementor-element elementor-element-b93110a elementor-widget elementor-widget-text-editor\" data-id=\"b93110a\" data-element_type=\"widget\" data-e-type=\"widget\" data-widget_type=\"text-editor.default\">\n\t\t\t\t<div class=\"elementor-widget-container\">\n\t\t\t\t\t\t\t\t\t<p class=\"_04xlpA direction-ltr align-center para-style-title\">Lamentablemente, esta p\u00e1gina no est\u00e1 disponible para ordenadores<\/p>\t\t\t\t\t\t\t\t<\/div>\n\t\t\t\t<\/div>\n\t\t\t\t\t<\/div>\n\t\t<\/div>\n\t\t\t\t\t<\/div>\n\t\t<\/section>\n\t\t\t\t\t<\/div>\n\t\t<\/div>\n\t\t\t\t\t<\/div>\n\t\t<\/section>\n\t\t\t\t<section class=\"elementor-section elementor-top-section elementor-element elementor-element-e2c8f0b elementor-hidden-desktop elementor-section-boxed elementor-section-height-default elementor-section-height-default\" data-id=\"e2c8f0b\" data-element_type=\"section\" data-e-type=\"section\">\n\t\t\t\t\t\t<div class=\"elementor-container elementor-column-gap-default\">\n\t\t\t\t\t<div class=\"elementor-column elementor-col-100 elementor-top-column elementor-element elementor-element-45f7f2e\" data-id=\"45f7f2e\" data-element_type=\"column\" data-e-type=\"column\">\n\t\t\t<div class=\"elementor-widget-wrap elementor-element-populated\">\n\t\t\t\t\t\t<div class=\"elementor-element elementor-element-61f7518 elementor-widget elementor-widget-image\" data-id=\"61f7518\" data-element_type=\"widget\" data-e-type=\"widget\" data-widget_type=\"image.default\">\n\t\t\t\t<div class=\"elementor-widget-container\">\n\t\t\t\t\t\t\t\t\t\t\t\t\t\t\t<img fetchpriority=\"high\" decoding=\"async\" width=\"800\" height=\"297\" src=\"https:\/\/sign.server5.de\/portal\/wp-content\/uploads\/2022\/03\/sm-ga\u0308ste.jpg\" class=\"attachment-large size-large wp-image-246\" alt=\"\" srcset=\"https:\/\/sign.server5.de\/portal\/wp-content\/uploads\/2022\/03\/sm-ga\u0308ste.jpg 1024w, https:\/\/sign.server5.de\/portal\/wp-content\/uploads\/2022\/03\/sm-ga\u0308ste-300x111.jpg 300w, https:\/\/sign.server5.de\/portal\/wp-content\/uploads\/2022\/03\/sm-ga\u0308ste-768x285.jpg 768w\" sizes=\"(max-width: 800px) 100vw, 800px\" \/>\t\t\t\t\t\t\t\t\t\t\t\t\t\t\t<\/div>\n\t\t\t\t<\/div>\n\t\t\t\t\t<\/div>\n\t\t<\/div>\n\t\t\t\t\t<\/div>\n\t\t<\/section>\n\t\t\t\t<section class=\"elementor-section elementor-top-section elementor-element elementor-element-771f049 elementor-hidden-desktop elementor-section-boxed elementor-section-height-default elementor-section-height-default\" data-id=\"771f049\" data-element_type=\"section\" data-e-type=\"section\">\n\t\t\t\t\t\t<div class=\"elementor-container elementor-column-gap-default\">\n\t\t\t\t\t<div class=\"elementor-column elementor-col-100 elementor-top-column elementor-element elementor-element-22d6d93\" data-id=\"22d6d93\" data-element_type=\"column\" data-e-type=\"column\">\n\t\t\t<div class=\"elementor-widget-wrap elementor-element-populated\">\n\t\t\t\t\t\t<div class=\"elementor-element elementor-element-98fe9d9 elementor-widget elementor-widget-heading\" data-id=\"98fe9d9\" data-element_type=\"widget\" data-e-type=\"widget\" data-widget_type=\"heading.default\">\n\t\t\t\t<div class=\"elementor-widget-container\">\n\t\t\t\t\t<h1 class=\"elementor-heading-title elementor-size-default\">Su pr\u00f3xima estad\u00eda con nosotros<\/h1>\t\t\t\t<\/div>\n\t\t\t\t<\/div>\n\t\t\t\t\t<\/div>\n\t\t<\/div>\n\t\t\t\t\t<\/div>\n\t\t<\/section>\n\t\t\t\t<section class=\"elementor-section elementor-top-section elementor-element elementor-element-e5a0409 elementor-hidden-desktop elementor-section-boxed elementor-section-height-default elementor-section-height-default\" data-id=\"e5a0409\" data-element_type=\"section\" data-e-type=\"section\">\n\t\t\t\t\t\t<div class=\"elementor-container elementor-column-gap-default\">\n\t\t\t\t\t<div class=\"elementor-column elementor-col-100 elementor-top-column elementor-element elementor-element-96e04b4\" data-id=\"96e04b4\" data-element_type=\"column\" data-e-type=\"column\">\n\t\t\t<div class=\"elementor-widget-wrap elementor-element-populated\">\n\t\t\t\t\t\t<div class=\"elementor-element elementor-element-81e51be elementor-widget elementor-widget-text-editor\" data-id=\"81e51be\" data-element_type=\"widget\" data-e-type=\"widget\" data-widget_type=\"text-editor.default\">\n\t\t\t\t<div class=\"elementor-widget-container\">\n\t\t\t\t\t\t\t\t\t<p><strong>\u00bfDisfrut\u00f3 de su estancia con nosotros?\u00a0<\/strong><\/p><p>Planifique su pr\u00f3xima estancia en el Hotel San Marco o recomi\u00e9ndenos a sus amigos.<\/p><p>Estamos deseando volver a verle!<\/p>\t\t\t\t\t\t\t\t<\/div>\n\t\t\t\t<\/div>\n\t\t\t\t\t<\/div>\n\t\t<\/div>\n\t\t\t\t\t<\/div>\n\t\t<\/section>\n\t\t\t\t<section class=\"elementor-section elementor-top-section elementor-element elementor-element-a57c3d0 elementor-hidden-desktop elementor-section-boxed elementor-section-height-default elementor-section-height-default\" data-id=\"a57c3d0\" data-element_type=\"section\" data-e-type=\"section\">\n\t\t\t\t\t\t<div class=\"elementor-container elementor-column-gap-default\">\n\t\t\t\t\t<div class=\"elementor-column elementor-col-100 elementor-top-column elementor-element elementor-element-c605a0e\" data-id=\"c605a0e\" data-element_type=\"column\" data-e-type=\"column\">\n\t\t\t<div class=\"elementor-widget-wrap elementor-element-populated\">\n\t\t\t\t\t\t<div class=\"elementor-element elementor-element-3d2f721 elementor-tablet-align-start elementor-icon-list--layout-traditional elementor-list-item-link-full_width elementor-widget elementor-widget-icon-list\" data-id=\"3d2f721\" data-element_type=\"widget\" data-e-type=\"widget\" data-widget_type=\"icon-list.default\">\n\t\t\t\t<div class=\"elementor-widget-container\">\n\t\t\t\t\t\t\t<ul class=\"elementor-icon-list-items\">\n\t\t\t\t\t\t\t<li class=\"elementor-icon-list-item\">\n\t\t\t\t\t\t\t\t\t\t\t<a href=\"https:\/\/hotel-sanmarco.de\/unsere-zimmer\/\" target=\"_blank\">\n\n\t\t\t\t\t\t\t\t\t\t\t\t<span class=\"elementor-icon-list-icon\">\n\t\t\t\t\t\t\t<svg xmlns=\"http:\/\/www.w3.org\/2000\/svg\" xmlns:xlink=\"http:\/\/www.w3.org\/1999\/xlink\" viewBox=\"0 0 100 100\" width=\"100px\" height=\"100px\"><g id=\"surface146098\"><path style=\" stroke:none;fill-rule:nonzero;fill:rgb(46.27451%,11.372549%,11.372549%);fill-opacity:1;\" d=\"M 66.8125 0 C 65.710938 0.101562 64.898438 1.085938 65 2.1875 C 65.101562 3.289062 66.085938 4.101562 67.1875 4 L 93.125 4 L 51.375 45.8125 C 50.78125 46.296875 50.507812 47.070312 50.679688 47.820312 C 50.851562 48.5625 51.4375 49.148438 52.179688 49.320312 C 52.929688 49.492188 53.703125 49.21875 54.1875 48.625 L 96 6.875 L 96 32.8125 C 95.992188 33.53125 96.367188 34.203125 96.992188 34.570312 C 97.617188 34.929688 98.382812 34.929688 99.007812 34.570312 C 99.632812 34.203125 100.007812 33.53125 100 32.8125 L 100 0 L 67.1875 0 C 67.125 0 67.0625 0 67 0 C 66.9375 0 66.875 0 66.8125 0 Z M 4 20 C 2.953125 20 1.882812 20.367188 1.125 21.125 C 0.367188 21.882812 0 22.953125 0 24 L 0 96 C 0 97.046875 0.367188 98.117188 1.125 98.875 C 1.882812 99.632812 2.953125 100 4 100 L 76 100 C 77.046875 100 78.117188 99.632812 78.875 98.875 C 79.632812 98.117188 80 97.046875 80 96 L 80 36 C 80.007812 35.28125 79.632812 34.609375 79.007812 34.242188 C 78.382812 33.882812 77.617188 33.882812 76.992188 34.242188 C 76.367188 34.609375 75.992188 35.28125 76 36 L 76 96 L 4 96 L 4 24 L 64 24 C 64.71875 24.007812 65.390625 23.632812 65.757812 23.007812 C 66.117188 22.382812 66.117188 21.617188 65.757812 20.992188 C 65.390625 20.367188 64.71875 19.992188 64 20 Z M 4 20 \"><\/path><\/g><\/svg>\t\t\t\t\t\t<\/span>\n\t\t\t\t\t\t\t\t\t\t<span class=\"elementor-icon-list-text\">Habitaciones<\/span>\n\t\t\t\t\t\t\t\t\t\t\t<\/a>\n\t\t\t\t\t\t\t\t\t<\/li>\n\t\t\t\t\t\t\t\t<li class=\"elementor-icon-list-item\">\n\t\t\t\t\t\t\t\t\t\t\t<span class=\"elementor-icon-list-icon\">\n\t\t\t\t\t\t\t<svg xmlns=\"http:\/\/www.w3.org\/2000\/svg\" xmlns:xlink=\"http:\/\/www.w3.org\/1999\/xlink\" viewBox=\"0 0 100 100\" width=\"100px\" height=\"100px\"><g id=\"surface146098\"><path style=\" stroke:none;fill-rule:nonzero;fill:rgb(46.27451%,11.372549%,11.372549%);fill-opacity:1;\" d=\"M 66.8125 0 C 65.710938 0.101562 64.898438 1.085938 65 2.1875 C 65.101562 3.289062 66.085938 4.101562 67.1875 4 L 93.125 4 L 51.375 45.8125 C 50.78125 46.296875 50.507812 47.070312 50.679688 47.820312 C 50.851562 48.5625 51.4375 49.148438 52.179688 49.320312 C 52.929688 49.492188 53.703125 49.21875 54.1875 48.625 L 96 6.875 L 96 32.8125 C 95.992188 33.53125 96.367188 34.203125 96.992188 34.570312 C 97.617188 34.929688 98.382812 34.929688 99.007812 34.570312 C 99.632812 34.203125 100.007812 33.53125 100 32.8125 L 100 0 L 67.1875 0 C 67.125 0 67.0625 0 67 0 C 66.9375 0 66.875 0 66.8125 0 Z M 4 20 C 2.953125 20 1.882812 20.367188 1.125 21.125 C 0.367188 21.882812 0 22.953125 0 24 L 0 96 C 0 97.046875 0.367188 98.117188 1.125 98.875 C 1.882812 99.632812 2.953125 100 4 100 L 76 100 C 77.046875 100 78.117188 99.632812 78.875 98.875 C 79.632812 98.117188 80 97.046875 80 96 L 80 36 C 80.007812 35.28125 79.632812 34.609375 79.007812 34.242188 C 78.382812 33.882812 77.617188 33.882812 76.992188 34.242188 C 76.367188 34.609375 75.992188 35.28125 76 36 L 76 96 L 4 96 L 4 24 L 64 24 C 64.71875 24.007812 65.390625 23.632812 65.757812 23.007812 C 66.117188 22.382812 66.117188 21.617188 65.757812 20.992188 C 65.390625 20.367188 64.71875 19.992188 64 20 Z M 4 20 \"><\/path><\/g><\/svg>\t\t\t\t\t\t<\/span>\n\t\t\t\t\t\t\t\t\t\t<span class=\"elementor-icon-list-text\">Reserva online<\/span>\n\t\t\t\t\t\t\t\t\t<\/li>\n\t\t\t\t\t\t<\/ul>\n\t\t\t\t\t\t<\/div>\n\t\t\t\t<\/div>\n\t\t\t\t\t<\/div>\n\t\t<\/div>\n\t\t\t\t\t<\/div>\n\t\t<\/section>\n\t\t\t\t<section class=\"elementor-section elementor-top-section elementor-element elementor-element-8bf31c3 elementor-section-stretched elementor-hidden-desktop elementor-section-boxed elementor-section-height-default elementor-section-height-default\" data-id=\"8bf31c3\" data-element_type=\"section\" data-e-type=\"section\" data-settings=\"{&quot;stretch_section&quot;:&quot;section-stretched&quot;,&quot;background_background&quot;:&quot;classic&quot;}\">\n\t\t\t\t\t\t<div class=\"elementor-container elementor-column-gap-default\">\n\t\t\t\t\t<div class=\"elementor-column elementor-col-33 elementor-top-column elementor-element elementor-element-a1cf9ed\" data-id=\"a1cf9ed\" data-element_type=\"column\" data-e-type=\"column\">\n\t\t\t<div class=\"elementor-widget-wrap elementor-element-populated\">\n\t\t\t\t\t\t<div class=\"elementor-element elementor-element-fad3f7a elementor-view-default elementor-position-block-start elementor-mobile-position-block-start elementor-widget elementor-widget-icon-box\" data-id=\"fad3f7a\" data-element_type=\"widget\" data-e-type=\"widget\" data-widget_type=\"icon-box.default\">\n\t\t\t\t<div class=\"elementor-widget-container\">\n\t\t\t\t\t\t\t<div class=\"elementor-icon-box-wrapper\">\n\n\t\t\t\t\t\t<div class=\"elementor-icon-box-icon\">\n\t\t\t\t<a href=\"https:\/\/sign.server5.de\/portal\/es\/hotel-san-marco-hopfen-am-see-es\/\" class=\"elementor-icon\" tabindex=\"-1\" aria-label=\"Inicio\">\n\t\t\t\t<i aria-hidden=\"true\" class=\"fas fa-home\"><\/i>\t\t\t\t<\/a>\n\t\t\t<\/div>\n\t\t\t\n\t\t\t\t\t\t<div class=\"elementor-icon-box-content\">\n\n\t\t\t\t\t\t\t\t\t<h3 class=\"elementor-icon-box-title\">\n\t\t\t\t\t\t<a href=\"https:\/\/sign.server5.de\/portal\/es\/hotel-san-marco-hopfen-am-see-es\/\" >\n\t\t\t\t\t\t\tInicio\t\t\t\t\t\t<\/a>\n\t\t\t\t\t<\/h3>\n\t\t\t\t\n\t\t\t\t\n\t\t\t<\/div>\n\t\t\t\n\t\t<\/div>\n\t\t\t\t\t\t<\/div>\n\t\t\t\t<\/div>\n\t\t\t\t\t<\/div>\n\t\t<\/div>\n\t\t\t\t<div class=\"elementor-column elementor-col-33 elementor-top-column elementor-element elementor-element-755a605\" data-id=\"755a605\" data-element_type=\"column\" data-e-type=\"column\">\n\t\t\t<div class=\"elementor-widget-wrap elementor-element-populated\">\n\t\t\t\t\t\t<div class=\"elementor-element elementor-element-70c311f elementor-view-default elementor-position-block-start elementor-mobile-position-block-start elementor-widget elementor-widget-icon-box\" data-id=\"70c311f\" data-element_type=\"widget\" data-e-type=\"widget\" data-widget_type=\"icon-box.default\">\n\t\t\t\t<div class=\"elementor-widget-container\">\n\t\t\t\t\t\t\t<div class=\"elementor-icon-box-wrapper\">\n\n\t\t\t\t\t\t<div class=\"elementor-icon-box-icon\">\n\t\t\t\t<a href=\"https:\/\/sign.server5.de\/portal\/es\/hotel-san-marco-hopfen-am-see-es\/el-tiempo\/\" class=\"elementor-icon\" tabindex=\"-1\" aria-label=\"Tiempo\">\n\t\t\t\t<i aria-hidden=\"true\" class=\"fas fa-temperature-low\"><\/i>\t\t\t\t<\/a>\n\t\t\t<\/div>\n\t\t\t\n\t\t\t\t\t\t<div class=\"elementor-icon-box-content\">\n\n\t\t\t\t\t\t\t\t\t<h3 class=\"elementor-icon-box-title\">\n\t\t\t\t\t\t<a href=\"https:\/\/sign.server5.de\/portal\/es\/hotel-san-marco-hopfen-am-see-es\/el-tiempo\/\" >\n\t\t\t\t\t\t\tTiempo\t\t\t\t\t\t<\/a>\n\t\t\t\t\t<\/h3>\n\t\t\t\t\n\t\t\t\t\n\t\t\t<\/div>\n\t\t\t\n\t\t<\/div>\n\t\t\t\t\t\t<\/div>\n\t\t\t\t<\/div>\n\t\t\t\t\t<\/div>\n\t\t<\/div>\n\t\t\t\t<div class=\"elementor-column elementor-col-33 elementor-top-column elementor-element elementor-element-526ee8a\" data-id=\"526ee8a\" data-element_type=\"column\" data-e-type=\"column\">\n\t\t\t<div class=\"elementor-widget-wrap elementor-element-populated\">\n\t\t\t\t\t\t<div class=\"elementor-element elementor-element-c0fa6bc elementor-view-default elementor-position-block-start elementor-mobile-position-block-start elementor-widget elementor-widget-icon-box\" data-id=\"c0fa6bc\" data-element_type=\"widget\" data-e-type=\"widget\" data-widget_type=\"icon-box.default\">\n\t\t\t\t<div class=\"elementor-widget-container\">\n\t\t\t\t\t\t\t<div class=\"elementor-icon-box-wrapper\">\n\n\t\t\t\t\t\t<div class=\"elementor-icon-box-icon\">\n\t\t\t\t<a href=\"https:\/\/sign.server5.de\/portal\/es\/hotel-san-marco-hopfen-am-see-es\/contacto-y-redes-sociales\/\" class=\"elementor-icon\" tabindex=\"-1\" aria-label=\"Contacto\">\n\t\t\t\t<i aria-hidden=\"true\" class=\"fas fa-phone-alt\"><\/i>\t\t\t\t<\/a>\n\t\t\t<\/div>\n\t\t\t\n\t\t\t\t\t\t<div class=\"elementor-icon-box-content\">\n\n\t\t\t\t\t\t\t\t\t<h3 class=\"elementor-icon-box-title\">\n\t\t\t\t\t\t<a href=\"https:\/\/sign.server5.de\/portal\/es\/hotel-san-marco-hopfen-am-see-es\/contacto-y-redes-sociales\/\" >\n\t\t\t\t\t\t\tContacto\t\t\t\t\t\t<\/a>\n\t\t\t\t\t<\/h3>\n\t\t\t\t\n\t\t\t\t\n\t\t\t<\/div>\n\t\t\t\n\t\t<\/div>\n\t\t\t\t\t\t<\/div>\n\t\t\t\t<\/div>\n\t\t\t\t\t<\/div>\n\t\t<\/div>\n\t\t\t\t\t<\/div>\n\t\t<\/section>\n\t\t\t\t<\/div>\n\t\t","protected":false},"excerpt":{"rendered":"<p>Por favor, utilice su tel\u00e9fono m\u00f3vil o tablet Lamentablemente, esta p\u00e1gina no est\u00e1 disponible para ordenadores Su pr\u00f3xima estad\u00eda con nosotros \u00bfDisfrut\u00f3 de su estancia con nosotros?\u00a0 Planifique su pr\u00f3xima estancia en el Hotel San Marco o recomi\u00e9ndenos a sus amigos. Estamos deseando volver a verle! Habitaciones Reserva online Inicio Tiempo Contacto<\/p>\n","protected":false},"author":1,"featured_media":0,"parent":907,"menu_order":0,"comment_status":"closed","ping_status":"closed","template":"elementor_theme","meta":{"footnotes":""},"class_list":["post-940","page","type-page","status-publish","hentry"],"_links":{"self":[{"href":"https:\/\/sign.server5.de\/portal\/wp-json\/wp\/v2\/pages\/940","targetHints":{"allow":["GET"]}}],"collection":[{"href":"https:\/\/sign.server5.de\/portal\/wp-json\/wp\/v2\/pages"}],"about":[{"href":"https:\/\/sign.server5.de\/portal\/wp-json\/wp\/v2\/types\/page"}],"author":[{"embeddable":true,"href":"https:\/\/sign.server5.de\/portal\/wp-json\/wp\/v2\/users\/1"}],"replies":[{"embeddable":true,"href":"https:\/\/sign.server5.de\/portal\/wp-json\/wp\/v2\/comments?post=940"}],"version-history":[{"count":11,"href":"https:\/\/sign.server5.de\/portal\/wp-json\/wp\/v2\/pages\/940\/revisions"}],"predecessor-version":[{"id":1408,"href":"https:\/\/sign.server5.de\/portal\/wp-json\/wp\/v2\/pages\/940\/revisions\/1408"}],"up":[{"embeddable":true,"href":"https:\/\/sign.server5.de\/portal\/wp-json\/wp\/v2\/pages\/907"}],"wp:attachment":[{"href":"https:\/\/sign.server5.de\/portal\/wp-json\/wp\/v2\/media?parent=940"}],"curies":[{"name":"wp","href":"https:\/\/api.w.org\/{rel}","templated":true}]}}